{"id":76,"date":"2024-06-15T13:13:53","date_gmt":"2024-06-15T11:13:53","guid":{"rendered":"https:\/\/muhribiohof.com\/?page_id=76"},"modified":"2026-04-08T22:29:30","modified_gmt":"2026-04-08T20:29:30","slug":"bio-fleisch","status":"publish","type":"page","link":"https:\/\/muhribiohof.com\/hu\/bio-fleisch\/","title":{"rendered":"Bioh\u00fas"},"content":{"rendered":"<p>[et_pb_section fb_built=&#8220;1&#8243; admin_label=&#8220;Szakasz&#8220; _builder_version=&#8220;4.27.5&#8243; _module_preset=&#8220;default&#8220; background_image=&#8220;http:\/\/muhribiohof.com\/wp-content\/uploads\/2025\/10\/20251005_170305-scaled.jpg&#8220; custom_margin=&#8220;-160px||||false|false&#8220; background_last_edited=&#8220;on|phone&#8220; background_size_phone=&#8220;contain&#8220; locked=&#8220;off&#8220; global_colors_info=&#8220;{}&#8220;][et_pb_row make_equal=&#8220;on&#8220; _builder_version=&#8220;4.25.2&#8243; _module_preset=&#8220;default&#8220; background_enable_image=&#8220;off&#8220; background_blend=&#8220;difference&#8220; width=&#8220;100%&#8220; max_width=&#8220;100%&#8220; min_height=&#8220;501px&#8220; height=&#8220;498px&#8220; max_height=&#8220;1000px&#8220; custom_margin=&#8220;-55px|auto||auto|false|false&#8220; global_colors_info=&#8220;{}&#8220;][et_pb_column type=&#8220;4_4&#8243; _builder_version=&#8220;4.25.2&#8243; _module_preset=&#8220;default&#8220; global_colors_info=&#8220;{}&#8220;][et_pb_text _builder_version=&#8220;4.27.5&#8243; _module_preset=&#8220;default&#8220; text_text_color=&#8220;#000000&#8243; text_font_size=&#8220;23px&#8220; header_text_color=&#8220;#000000&#8243; header_3_text_color=&#8220;#3d4a3a&#8220; background_color=&#8220;rgba(214,214,214,0.79)&#8220; use_background_color_gradient=&#8220;on&#8220; background_color_gradient_stops=&#8220;rgba(214,214,214,0.39) 0%|rgba(255,255,255,0) 100%&#8220; text_orientation=&#8220;center&#8220; width=&#8220;40%&#8220; width_tablet=&#8220;40%&#8220; width_phone=&#8220;90%&#8220; width_last_edited=&#8220;on|phone&#8220; max_width=&#8220;92%&#8220; module_alignment=&#8220;center&#8220; min_height=&#8220;95px&#8220; custom_margin=&#8220;265px||44px||false|false&#8220; custom_margin_tablet=&#8220;265px||44px||false|false&#8220; custom_margin_phone=&#8220;374px||0px||false|false&#8220; custom_margin_last_edited=&#8220;on|phone&#8220; custom_padding=&#8220;12px||0px|0px|false|false&#8220; border_radii=&#8220;on|8px|8px|8px|8px&#8220; inline_fonts=&#8220;Playfair Display&#8220; global_colors_info=&#8220;{}&#8220;]<\/p>\n<h3><span style=\"font-family: 'Playfair Display'; font-weight: normal; font-size: xx-large;\"><strong>Bioh\u00fas<\/strong><\/span><\/h3>\n<h4 style=\"text-align: center;\"><\/h4>\n<h3>Az eredet \u00e9s a felel\u0151ss\u00e9g l\u00e9nyege<\/h3>\n<h4 style=\"text-align: center;\"><\/h4>\n<h3><strong><span style=\"font-family: 'Playfair Display SC';\"><\/span><\/strong><\/h3>\n<p><strong><span style=\"font-family: 'Playfair Display SC';\"><\/span><\/strong><\/p>\n<p>[\/et_pb_text][\/et_pb_column][\/et_pb_row][\/et_pb_section][et_pb_section fb_built=&#8220;1&#8243; _builder_version=&#8220;4.25.2&#8243; _module_preset=&#8220;default&#8220; custom_margin=&#8220;-29px|||||&#8220; custom_padding=&#8220;||0px|||&#8220; global_colors_info=&#8220;{}&#8220;][et_pb_row _builder_version=&#8220;4.25.2&#8243; _module_preset=&#8220;default&#8220; global_colors_info=&#8220;{}&#8220;][et_pb_column type=&#8220;4_4&#8243; _builder_version=&#8220;4.25.2&#8243; _module_preset=&#8220;default&#8220; global_colors_info=&#8220;{}&#8220;][et_pb_text _builder_version=&#8220;4.27.5&#8243; _module_preset=&#8220;default&#8220; header_2_font_size=&#8220;56px&#8220; custom_margin=&#8220;-105px|||||&#8220; inline_fonts=&#8220;Lora&#8220; global_colors_info=&#8220;{}&#8220;]<\/p>\n<h2 style=\"text-align: center;\">\u00a0<span style=\"font-family: 'Playfair Display'; font-weight: normal;\"><\/span><\/h2>\n<h2 style=\"text-align: center;\"><span style=\"font-family: 'Playfair Display'; font-weight: normal;\">Mi vez\u00e9rel minket<\/span><\/h2>\n<p>&nbsp;<\/p>\n<p style=\"text-align: center;\"><span style=\"font-family: Lora;\">Id\u0151 helyett siets\u00e9g. Hozz\u00e1\u00e1ll\u00e1s a t\u00f6meg helyett.<\/span><\/p>\n<p style=\"text-align: center;\"><span style=\"font-family: Lora;\">Az \u00f6r\u00f6m a term\u00e9szet ritmus\u00e1ban keletkezik vel\u00fcnk.<\/span><\/p>\n<p style=\"text-align: center;\"><span style=\"font-family: Lora;\">- t\u00fcrelemmel, tisztelettel \u00e9s odafigyel\u00e9ssel.<\/span><\/p>\n<p style=\"text-align: center;\"><span style=\"font-family: Lora;\">Az \u00e1llateg\u00e9szs\u00e9g\u00fcgy a k\u00f6z\u00e9ppontban <\/span><\/p>\n<p style=\"text-align: center;\"><span style=\"font-family: Lora;\">holisztikusan t\u00e1mogatott, <\/span><\/p>\n<p style=\"text-align: center;\"><span style=\"font-family: Lora;\">gondosan kiegyens\u00falyozott t\u00e1panyagell\u00e1t\u00e1s.<\/span><\/p>\n<p style=\"text-align: center;\"><span style=\"font-family: Lora;\"><\/span><\/p>\n<p style=\"text-align: center;\"><span style=\"font-family: Lora;\"><\/span><\/p>\n<p>[\/et_pb_text][et_pb_image src=&#8220;http:\/\/muhribiohof.com\/wp-content\/uploads\/2026\/04\/OesterreichBio-logos-quer-faerbig-scaled.jpg&#8220; _builder_version=&#8220;4.27.5&#8243; _module_preset=&#8220;default&#8220; hover_enabled=&#8220;0&#8243; sticky_enabled=&#8220;0&#8243;][\/et_pb_image][et_pb_text _builder_version=&#8220;4.27.5&#8243; _module_preset=&#8220;default&#8220; hover_enabled=&#8220;0&#8243; sticky_enabled=&#8220;0&#8243; inline_fonts=&#8220;Lora&#8220;]<\/p>\n<h6><span style=\"font-family: Lora;\">Zertifizierte Bio-Qualit\u00e4t. Kontrolliert durch LACON GmbH (AT BIO-402).<\/span><\/h6>\n<p>[\/et_pb_text][\/et_pb_column][\/et_pb_row][\/et_pb_section][et_pb_section fb_built=&#8220;1&#8243; _builder_version=&#8220;4.25.2&#8243; _module_preset=&#8220;default&#8220; global_colors_info=&#8220;{}&#8220;][et_pb_row column_structure=&#8220;1_2,1_2&#8243; _builder_version=&#8220;4.25.2&#8243; _module_preset=&#8220;default&#8220; global_colors_info=&#8220;{}&#8220;][et_pb_column type=&#8220;1_2&#8243; _builder_version=&#8220;4.25.2&#8243; _module_preset=&#8220;default&#8220; global_colors_info=&#8220;{}&#8220;][et_pb_gallery gallery_ids=&#8220;3327&#8243; fullwidth=&#8220;on&#8220; _builder_version=&#8220;4.27.5&#8243; _module_preset=&#8220;default&#8220; custom_margin_tablet=&#8220;&#8220; custom_margin_phone=&#8220;-75px||||false|false&#8220; custom_margin_last_edited=&#8220;on|phone&#8220; global_colors_info=&#8220;{}&#8220;][\/et_pb_gallery][\/et_pb_column][et_pb_column type=&#8220;1_2&#8243; _builder_version=&#8220;4.25.2&#8243; _module_preset=&#8220;default&#8220; global_colors_info=&#8220;{}&#8220;][et_pb_text _builder_version=&#8220;4.27.5&#8243; _module_preset=&#8220;default&#8220; custom_margin=&#8220;15%||0px||false|false&#8220; custom_margin_tablet=&#8220;15%||0px||false|false&#8220; custom_margin_phone=&#8220;0%||||false|false&#8220; custom_margin_last_edited=&#8220;on|phone&#8220; inline_fonts=&#8220;Lora&#8220; global_colors_info=&#8220;{}&#8220;]<\/p>\n<h2><span style=\"font-family: Lora; font-weight: normal;\">Angus marhah\u00fas<\/span><\/h2>\n<p><span style=\"font-family: Lora; font-weight: normal;\"><\/span><\/p>\n<p><em><span style=\"font-family: Lora; font-weight: normal;\">Kem\u00e9ny\u00edt\u0151, amit meg lehet \u00edzlelni.<\/span><\/em><\/p>\n<p><em><span style=\"font-family: Lora; font-weight: normal;\"><\/span><\/em><\/p>\n<p><span style=\"font-family: Lora; font-weight: normal;\">Kora reggel, amikor a k\u00f6d m\u00e9g a hegyek f\u00f6l\u00f6tt van, Angus szarvasmarh\u00e1ink szabadon k\u00f3sz\u00e1lnak a legel\u0151k\u00f6n.<\/span><\/p>\n<p><span style=\"font-family: Lora; font-weight: normal;\">Lassan, er\u0151teljesen n\u0151nek, saj\u00e1t szerves takarm\u00e1nyukb\u00f3l \u00e9s a term\u00e9szet nyugalm\u00e1b\u00f3l t\u00e1pl\u00e1lkoznak.<\/span><\/p>\n<p><span style=\"font-family: Lora; font-weight: normal;\">Az eredm\u00e9ny t\u00f6bb, mint h\u00fas - ez egy darab karakter. Finoman m\u00e1rv\u00e1nyozott, er\u0151teljes, hamis\u00edtatlan \u00edz\u0171.<\/span><\/p>\n<p><em><span style=\"font-family: Lora; font-weight: normal;\"><\/span><\/em><\/p>\n<p>&nbsp;<\/p>\n<p>[\/et_pb_text][et_pb_button button_url=&#8220;https:\/\/muhribiohof.com\/angus-rind\/&#8220; url_new_window=&#8220;on&#8220; button_text=&#8220;Mehr \u00fcber Angus erfahren&#8220; _builder_version=&#8220;4.27.5&#8243; _module_preset=&#8220;default&#8220; custom_button=&#8220;on&#8220; button_text_size=&#8220;16px&#8220; button_text_color=&#8220;#808000&#8243; button_border_width=&#8220;1px&#8220; button_font=&#8220;Lora||||||||&#8220; global_colors_info=&#8220;{}&#8220;][\/et_pb_button][\/et_pb_column][\/et_pb_row][et_pb_row column_structure=&#8220;1_2,1_2&#8243; _builder_version=&#8220;4.25.2&#8243; _module_preset=&#8220;default&#8220; global_colors_info=&#8220;{}&#8220;][et_pb_column type=&#8220;1_2&#8243; _builder_version=&#8220;4.25.2&#8243; _module_preset=&#8220;default&#8220; global_colors_info=&#8220;{}&#8220;][et_pb_gallery gallery_ids=&#8220;3328&#8243; fullwidth=&#8220;on&#8220; _builder_version=&#8220;4.27.5&#8243; _module_preset=&#8220;default&#8220; global_colors_info=&#8220;{}&#8220;][\/et_pb_gallery][\/et_pb_column][et_pb_column type=&#8220;1_2&#8243; _builder_version=&#8220;4.25.2&#8243; _module_preset=&#8220;default&#8220; global_colors_info=&#8220;{}&#8220;][et_pb_text _builder_version=&#8220;4.27.5&#8243; _module_preset=&#8220;default&#8220; custom_margin=&#8220;15%||-50px||false|false&#8220; custom_margin_tablet=&#8220;15%||-50px||false|false&#8220; custom_margin_phone=&#8220;0%||||false|false&#8220; custom_margin_last_edited=&#8220;on|phone&#8220; inline_fonts=&#8220;Lora&#8220; global_colors_info=&#8220;{}&#8220;]<\/p>\n<h2><span style=\"font-family: Lora; font-weight: normal;\">Szabadon tartott csirke<\/span><\/h2>\n<p><span style=\"font-family: Lora; font-weight: normal;\"><\/span><\/p>\n<p><em><span style=\"font-family: Lora; font-weight: normal;\">K\u00f6nnyeds\u00e9g, amely bizalmat \u00e9breszt.\u00a0<\/span><\/em><\/p>\n<p><em><span style=\"font-family: Lora; font-weight: normal;\"><\/span><\/em><\/p>\n<p><span style=\"font-family: Lora; font-weight: normal;\">Ahol a nap felmeleg\u00edti a f\u00f6ldet \u00e9s a mez\u0151k t\u00e1gasak, ott j\u00e1tsz\u00f3dik a k\u00f6vetkez\u0151 fejezet\u00fcnk.<\/span><\/p>\n<p><span style=\"font-family: Lora; font-weight: normal;\">Az organikus t\u00e1pl\u00e1lkoz\u00e1s, a t\u00e9r \u00e9s a f\u00e9ny a bizalmat kelt\u0151 hozz\u00e1\u00e1ll\u00e1s alapj\u00e1t k\u00e9pezi.<\/span><\/p>\n<p><span style=\"font-family: Lora; font-weight: normal;\">M\u00e9g \u00e9p\u00edt\u00e9s alatt \u00e1ll, de ugyanazok az \u00e9rt\u00e9kek t\u00e1mogatj\u00e1k, amelyek gener\u00e1ci\u00f3k \u00f3ta jellemzik gazdas\u00e1gunkat.<\/span><\/p>\n<p><span style=\"font-family: Lora; font-weight: normal;\">Hendlgold - hamarosan n\u00e1lunk is.<\/span><\/p>\n<p><em><span style=\"font-family: Lora; font-weight: normal;\"><\/span><\/em><\/p>\n<p><em><span style=\"font-family: Lora; font-weight: normal;\"><\/span><\/em><\/p>\n<p><em><span style=\"font-family: Lora; font-weight: normal;\"><\/span><\/em><\/p>\n<p>&nbsp;<\/p>\n<p>[\/et_pb_text][et_pb_button button_url=&#8220;https:\/\/muhribiohof.com\/freilandhuhn\/&#8220; url_new_window=&#8220;on&#8220; button_text=&#8220;In Vorbereitung&#8220; _builder_version=&#8220;4.27.5&#8243; _module_preset=&#8220;default&#8220; custom_button=&#8220;on&#8220; button_text_size=&#8220;16px&#8220; button_text_color=&#8220;#808000&#8243; button_border_width=&#8220;1px&#8220; button_font=&#8220;Lora||||||||&#8220; global_colors_info=&#8220;{}&#8220;][\/et_pb_button][\/et_pb_column][\/et_pb_row][\/et_pb_section]<\/p>","protected":false},"excerpt":{"rendered":"<p>Bio Fleisch Die Essenz von Ursprung\u00a0 und Verantwortung \u00a0 Was uns leitet &nbsp; Zeit statt Eile. Haltung statt Masse. Genuss entsteht bei uns im Rhythmus der Natur &#8211; getragen von Geduld, Respekt und Achtsamkeit. Tiergesundheit steht im Mittelpunkt- unterst\u00fctzt durch eine ganzheitliche, sorgf\u00e4ltig abgestimmte N\u00e4hrstoffversorgung. Zertifizierte Bio-Qualit\u00e4t. Kontrolliert durch LACON GmbH (AT BIO-402).Angus-Rind St\u00e4rke, die man schmeckt. Fr\u00fchmorgens, wenn der Nebel noch \u00fcber den H\u00fcgeln liegt, unsere Angus-Rinder ziehen frei \u00fcber die Weiden. Sie wachsen langsam, kr\u00e4ftig, gen\u00e4hrt von eigenem Bio-Futter und der Ruhe der Natur. Das, was dabei entsteht, ist mehr als Fleisch &#8211; es ist ein St\u00fcck Charakter. Fein marmoriert, voller Kraft, unverf\u00e4lscht im Geschmack. &nbsp;Freilandhuhn Leichtigkeit, die Vertrauen schenkt.\u00a0 Wo die Sonne den Boden w\u00e4rmt und die Felder weit offen stehen, dort entsteht unser n\u00e4chstes Kapitel. Bio-Futter, Freiraum und Licht bilden die Basis f\u00fcr eine Haltung, die Vertrauen schafft. Noch im Aufbau, aber getragen von denselben Werten, die unser Hof seit Generationen pr\u00e4gen. Hendlgold &#8211; bald auch bei uns am Hof. &nbsp;<\/p>","protected":false},"author":1,"featured_media":0,"parent":0,"menu_order":0,"comment_status":"closed","ping_status":"closed","template":"","meta":{"_et_pb_use_builder":"on","_et_pb_old_content":"","_et_gb_content_width":"","footnotes":""},"class_list":["post-76","page","type-page","status-publish","hentry"],"_links":{"self":[{"href":"https:\/\/muhribiohof.com\/hu\/wp-json\/wp\/v2\/pages\/76","targetHints":{"allow":["GET"]}}],"collection":[{"href":"https:\/\/muhribiohof.com\/hu\/wp-json\/wp\/v2\/pages"}],"about":[{"href":"https:\/\/muhribiohof.com\/hu\/wp-json\/wp\/v2\/types\/page"}],"author":[{"embeddable":true,"href":"https:\/\/muhribiohof.com\/hu\/wp-json\/wp\/v2\/users\/1"}],"replies":[{"embeddable":true,"href":"https:\/\/muhribiohof.com\/hu\/wp-json\/wp\/v2\/comments?post=76"}],"version-history":[{"count":73,"href":"https:\/\/muhribiohof.com\/hu\/wp-json\/wp\/v2\/pages\/76\/revisions"}],"predecessor-version":[{"id":3707,"href":"https:\/\/muhribiohof.com\/hu\/wp-json\/wp\/v2\/pages\/76\/revisions\/3707"}],"wp:attachment":[{"href":"https:\/\/muhribiohof.com\/hu\/wp-json\/wp\/v2\/media?parent=76"}],"curies":[{"name":"wp","href":"https:\/\/api.w.org\/{rel}","templated":true}]}}