{"id":3413,"date":"2026-01-03T09:27:50","date_gmt":"2026-01-03T08:27:50","guid":{"rendered":"https:\/\/muhribiohof.com\/?page_id=3413"},"modified":"2026-01-07T13:34:45","modified_gmt":"2026-01-07T12:34:45","slug":"datenschutzerklarung","status":"publish","type":"page","link":"https:\/\/muhribiohof.com\/hu\/datenschutzerklarung\/","title":{"rendered":"Adatv\u00e9delmi szab\u00e1lyzat"},"content":{"rendered":"<p>[et_pb_section fb_built=&#8220;1&#8243; _builder_version=&#8220;4.27.5&#8243; _module_preset=&#8220;default&#8220; global_colors_info=&#8220;{}&#8220;][et_pb_row _builder_version=&#8220;4.27.5&#8243; _module_preset=&#8220;default&#8220; global_colors_info=&#8220;{}&#8220;][et_pb_column type=&#8220;4_4&#8243; _builder_version=&#8220;4.27.5&#8243; _module_preset=&#8220;default&#8220; global_colors_info=&#8220;{}&#8220;][et_pb_text _builder_version=&#8220;4.27.5&#8243; _module_preset=&#8220;default&#8220; global_colors_info=&#8220;{}&#8220;]<\/p>\n<h1>Adatv\u00e9delmi szab\u00e1lyzat<\/h1>\n<p><strong>\u00c1llj:<\/strong> 01.2026<\/p>\n<p>Az \u00d6n szem\u00e9lyes adatainak v\u00e9delme k\u00fcl\u00f6n\u00f6sen fontos sz\u00e1munkra. Ez\u00e9rt az \u00d6n adatait kiz\u00e1r\u00f3lag a t\u00f6rv\u00e9nyi rendelkez\u00e9sek (GDPR, DSG - Ausztria) alapj\u00e1n kezelj\u00fck. Ebben az adatv\u00e9delmi szab\u00e1lyzatban t\u00e1j\u00e9koztatjuk \u00d6nt a weboldalunkon t\u00f6rt\u00e9n\u0151 adatkezel\u00e9s legfontosabb szempontjair\u00f3l.<\/p>\n<hr \/>\n<h2>1. felel\u0151s szem\u00e9ly<\/h2>\n<p>Muhri biofarm<br \/>Hardegg 27<br \/>8455 Oberhaag<br \/>Ausztria<\/p>\n<p>Telefon: 0664 349 4286<br \/>E-mail: henriettaschwab@gmail.com<br \/>Honlap: muhribiohof.com<\/p>\n<hr \/>\n<h2>2. kapcsolatfelv\u00e9tel vel\u00fcnk<\/h2>\n<p>Ha a weboldalon tal\u00e1lhat\u00f3 \u0171rlapon vagy e-mailben l\u00e9p kapcsolatba vel\u00fcnk, az \u00d6n \u00e1ltal megadott adatokat hat h\u00f3napig t\u00e1roljuk a megkeres\u00e9s feldolgoz\u00e1sa c\u00e9lj\u00e1b\u00f3l, valamint a tov\u00e1bbi k\u00e9rd\u00e9sek eset\u00e9n. Ezeket az adatokat az \u00d6n hozz\u00e1j\u00e1rul\u00e1sa n\u00e9lk\u00fcl nem adjuk tov\u00e1bb.<\/p>\n<hr \/>\n<h2>3. a hozz\u00e1f\u00e9r\u00e9si adatok t\u00e1rol\u00e1sa (szervernapl\u00f3f\u00e1jlok)<\/h2>\n<p>A t\u00e1rhelyszolg\u00e1ltat\u00f3 automatikusan inform\u00e1ci\u00f3kat gy\u0171jt \u00e9s t\u00e1rol az \u00fagynevezett szervernapl\u00f3f\u00e1jlokban, amelyeket az \u00d6n b\u00f6ng\u00e9sz\u0151je automatikusan tov\u00e1bb\u00edt nek\u00fcnk. Ezek k\u00fcl\u00f6n\u00f6sen a k\u00f6vetkez\u0151k<\/p>\n<ul>\n<li>\n<p>IP-c\u00edm vagy \u00e1llom\u00e1sn\u00e9v<\/p>\n<\/li>\n<li>\n<p>Haszn\u00e1lt b\u00f6ng\u00e9sz\u0151<\/p>\n<\/li>\n<li>\n<p>Oper\u00e1ci\u00f3s rendszer<\/p>\n<\/li>\n<li>\n<p>Referrer URL<\/p>\n<\/li>\n<li>\n<p>A kiszolg\u00e1l\u00f3i k\u00e9r\u00e9s id\u0151pontja<\/p>\n<\/li>\n<\/ul>\n<p>Ezeket az adatokat nem lehet konkr\u00e9t szem\u00e9lyekhez rendelni. Ez az adat nincs \u00f6sszevonva m\u00e1s adatforr\u00e1sokkal.<\/p>\n<hr \/>\n<h2>4. s\u00fctik<\/h2>\n<p>Weboldalunk \u00fagynevezett s\u00fctiket haszn\u00e1l. Ezek olyan kis sz\u00f6veges f\u00e1jlok, amelyeket a b\u00f6ng\u00e9sz\u0151 seg\u00edts\u00e9g\u00e9vel t\u00e1rolunk az \u00d6n v\u00e9gberendez\u00e9s\u00e9n. Nem okoznak semmilyen k\u00e1rt.<\/p>\n<p>S\u00fctiket haszn\u00e1lunk, hogy weboldalunkat felhaszn\u00e1l\u00f3bar\u00e1tabb\u00e1 tegy\u00fck. Egyes s\u00fctik az \u00d6n v\u00e9gberendez\u00e9s\u00e9n t\u00e1rolva maradnak, am\u00edg \u00d6n nem t\u00f6rli \u0151ket. Ezek lehet\u0151v\u00e9 teszik sz\u00e1munkra, hogy a k\u00f6vetkez\u0151 l\u00e1togat\u00e1skor felismerj\u00fck a b\u00f6ng\u00e9sz\u0151j\u00e9t.<\/p>\n<p>Ha ezt nem szeretn\u00e9, be\u00e1ll\u00edthatja b\u00f6ng\u00e9sz\u0151j\u00e9t \u00fagy, hogy az t\u00e1j\u00e9koztassa \u00d6nt a s\u00fctik be\u00e1ll\u00edt\u00e1s\u00e1r\u00f3l, \u00e9s csak egyedi esetekben enged\u00e9lyezze azt.<\/p>\n<hr \/>\n<h2>5. webanalitika (Google Analytics)<\/h2>\n<p>Ez a weboldal a k\u00f6vetkez\u0151ket haszn\u00e1lja <strong>Google Analytics<\/strong>, a Google Ireland Limited (Gordon House, Barrow Street, Dublin 4, \u00cdrorsz\u00e1g) webelemz\u0151 szolg\u00e1ltat\u00e1sa.<\/p>\n<p>A Google Analytics cookie-kat haszn\u00e1l, hogy seg\u00edtsen a weboldalnak elemezni, hogyan haszn\u00e1lj\u00e1k a felhaszn\u00e1l\u00f3k az oldalt. Az \u00edgy gener\u00e1lt inform\u00e1ci\u00f3kat \u00e1ltal\u00e1ban a Google szerver\u00e9re tov\u00e1bb\u00edtj\u00e1k \u00e9s ott t\u00e1rolj\u00e1k.<\/p>\n<p>Ezen a weboldalon a k\u00f6vetkez\u0151kkel rendelkez\u00fcnk <strong>IP anonimiz\u00e1l\u00e1s<\/strong> aktiv\u00e1lva. Ennek eredm\u00e9nyek\u00e9ppen a Google az \u00d6n IP-c\u00edm\u00e9t az Eur\u00f3pai Uni\u00f3n bel\u00fcl vagy az Eur\u00f3pai Gazdas\u00e1gi T\u00e9rs\u00e9gr\u0151l sz\u00f3l\u00f3 meg\u00e1llapod\u00e1s m\u00e1s r\u00e9szes felein bel\u00fcl le fogja csonk\u00edtani.<\/p>\n<p>Az adatok feldolgoz\u00e1s\u00e1ra az \u00d6n adatai alapj\u00e1n ker\u00fcl sor <strong>A GDPR 6. cikk (1) bekezd\u00e9s\u00e9nek a) pontja szerinti hozz\u00e1j\u00e1rul\u00e1s<\/strong> a cookie-k hozz\u00e1j\u00e1rul\u00e1si eszk\u00f6z\u00e9n kereszt\u00fcl.<\/p>\n<p>A cookie-k t\u00e1rol\u00e1s\u00e1t megakad\u00e1lyozhatja a b\u00f6ng\u00e9sz\u0151szoftver megfelel\u0151 be\u00e1ll\u00edt\u00e1sainak kiv\u00e1laszt\u00e1s\u00e1val.<\/p>\n<hr \/>\n<h2>6. kapcsolatfelv\u00e9teli \u0171rlap<\/h2>\n<p>Ha a kapcsolatfelv\u00e9teli \u0171rlapon kereszt\u00fcl l\u00e9p kapcsolatba vel\u00fcnk, az \u00d6n \u00e1ltal megadott szem\u00e9lyes adatokat (n\u00e9v, e-mail c\u00edm, \u00fczenet) az \u00d6n megkeres\u00e9s\u00e9nek kezel\u00e9se c\u00e9lj\u00e1b\u00f3l dolgozzuk fel.<\/p>\n<p>A feldolgoz\u00e1s a k\u00f6vetkez\u0151k alapj\u00e1n t\u00f6rt\u00e9nik <strong>GDPR 6. cikk (1) bekezd\u00e9s b) pontja<\/strong> (szerz\u0151d\u00e9sk\u00f6t\u00e9st megel\u0151z\u0151 int\u00e9zked\u00e9sek) vagy. <strong>GDPR 6. cikk (1) bekezd\u00e9s f) pont<\/strong> (a kommunik\u00e1ci\u00f3hoz f\u0171z\u0151d\u0151 jogos \u00e9rdek).<\/p>\n<p>Az adatokat legk\u00e9s\u0151bb a k\u00f6vetkez\u0151 id\u0151pont ut\u00e1n t\u00f6r\u00f6lj\u00fck <strong>6 h\u00f3nap<\/strong> t\u00f6rl\u00e9sre ker\u00fclnek, kiv\u00e9ve, ha az adatok meg\u0151rz\u00e9s\u00e9re jogi k\u00f6telezetts\u00e9g \u00e1ll fenn.<\/p>\n<hr \/>\n<h2>7. az \u00d6n jogai<\/h2>\n<p>Ezek a jogok elvileg megilletik \u00d6nt:<\/p>\n<ul>\n<li>\n<p>Inform\u00e1ci\u00f3<\/p>\n<\/li>\n<li>\n<p>Helyesb\u00edt\u00e9s<\/p>\n<\/li>\n<li>\n<p>Lemond\u00e1s<\/p>\n<\/li>\n<li>\n<p>A feldolgoz\u00e1s korl\u00e1toz\u00e1sa<\/p>\n<\/li>\n<li>\n<p>Adathordozhat\u00f3s\u00e1g<\/p>\n<\/li>\n<li>\n<p>Lemond\u00e1s \u00e9s kifog\u00e1s<\/p>\n<\/li>\n<\/ul>\n<p>to.<\/p>\n<p>Ha \u00fagy v\u00e9li, hogy adatainak feldolgoz\u00e1sa s\u00e9rti az adatv\u00e9delmi t\u00f6rv\u00e9nyt, vagy hogy adatv\u00e9delmi jogait b\u00e1rmilyen m\u00e1s m\u00f3don megs\u00e9rtett\u00e9k, panaszt tehet a fel\u00fcgyeleti hat\u00f3s\u00e1gn\u00e1l.<\/p>\n<p>Ausztri\u00e1ban ez a:<\/p>\n<p><strong>Osztr\u00e1k Adatv\u00e9delmi Hat\u00f3s\u00e1g<\/strong><br \/>Barichgasse 40-42<br \/>1030 B\u00e9cs<br \/><a href=\"https:\/\/www.dsb.gv.at\/\" target=\"_blank\" rel=\"noopener\">https:\/\/www.dsb.gv.at<\/a><\/p>\n<hr \/>\n<h2>8. SSL vagy TLS titkos\u00edt\u00e1s<\/h2>\n<p>Ez az oldal biztons\u00e1gi okokb\u00f3l \u00e9s a bizalmas tartalom \u00e1tvitel\u00e9nek v\u00e9delme \u00e9rdek\u00e9ben SSL vagy TLS titkos\u00edt\u00e1st haszn\u00e1l.<\/p>\n<hr \/>\n<h2>9. a jelen adatv\u00e9delmi szab\u00e1lyzat m\u00f3dos\u00edt\u00e1sai<\/h2>\n<p>Fenntartjuk a jogot, hogy sz\u00fcks\u00e9g eset\u00e9n m\u00f3dos\u00edtsuk ezt az adatv\u00e9delmi szab\u00e1lyzatot, hogy az mindig megfeleljen az aktu\u00e1lis jogi k\u00f6vetelm\u00e9nyeknek.<\/p>\n<hr \/>\n<h2>10. lenyomat<\/h2>\n<p><strong>M\u00e9dia tulajdonosa \u00e9s \u00fczemeltet\u0151je:<\/strong><br \/>Muhri biofarm<\/p>\n<p><strong>A v\u00e1llalat c\u00e9lja:<\/strong><br \/>Mez\u0151gazdas\u00e1g, \u00e1llatteny\u00e9szt\u00e9s<\/p>\n<p><strong>C\u00e9gjegyz\u00e9ksz\u00e1m: <\/strong><strong><span>FN 590266 p<\/span><\/strong><\/p>\n<p><strong>Kereskedelmi nyilv\u00e1ntart\u00f3 b\u00edr\u00f3s\u00e1g:\u00a0<\/strong><br \/>LG a ZRS Graz eset\u00e9ben<\/p>\n<p><strong>\u00c1FA sz\u00e1m: <span>ATU79661135<\/span><\/strong><\/p>\n<p><strong>\u00dclj le:<\/strong><br \/>Hardegg 27. 8455 Oberhaag, Ausztria<\/p>\n<p><strong>Kapcsolat:<\/strong><br \/>Telefon: 0664 349 4286<br \/>E-mail: henriettaschwab@gmail.com<\/p>\n<p><strong>Fel\u00fcgyeleti hat\u00f3s\u00e1g:<\/strong><br \/>Bio Ausztria<\/p>\n<p><strong>Szakmai el\u0151\u00edr\u00e1sok:<\/strong><br \/>Nem alkalmazhat\u00f3 (mez\u0151gazdas\u00e1g)<\/p>\n<hr \/>\n<p><em>Megjegyz\u00e9s: Ez az adatv\u00e9delmi szab\u00e1lyzat \u00e9s az impresszum \u00e1ltal\u00e1nos sablon, \u00e9s nem helyettes\u00edti a jogi tan\u00e1csad\u00e1st.<\/em><\/p>\n<p>[\/et_pb_text][\/et_pb_column][\/et_pb_row][\/et_pb_section]<\/p>","protected":false},"excerpt":{"rendered":"<p>Datenschutzerkl\u00e4rung Stand: 01.2026 Der Schutz Ihrer pers\u00f6nlichen Daten ist uns ein besonderes Anliegen. Wir verarbeiten Ihre Daten daher ausschlie\u00dflich auf Grundlage der gesetzlichen Bestimmungen (DSGVO, DSG \u2013 \u00d6sterreich). In dieser Datenschutzerkl\u00e4rung informieren wir Sie \u00fcber die wichtigsten Aspekte der Datenverarbeitung im Rahmen unserer Website. 1. Verantwortlicher Muhri Bio HofHardegg 278455 Oberhaag\u00d6sterreich Telefon: 0664 349 4286E-Mail: henriettaschwab@gmail.comWebsite: muhribiohof.com 2. Kontakt mit uns Wenn Sie per Formular auf der Website oder per E-Mail Kontakt mit uns aufnehmen, werden Ihre angegebenen Daten zwecks Bearbeitung der Anfrage und f\u00fcr den Fall von Anschlussfragen sechs Monate bei uns gespeichert. Diese Daten geben wir nicht ohne Ihre Einwilligung weiter. 3. Speicherung von Zugriffsdaten (Server-Logfiles) Der Hosting-Provider erhebt und speichert automatisch Informationen in sogenannten Server-Logfiles, die Ihr Browser automatisch an uns \u00fcbermittelt. Dies sind insbesondere: IP-Adresse oder Hostname verwendeter Browser Betriebssystem Referrer URL Uhrzeit der Serveranfrage Diese Daten sind nicht bestimmten Personen zuordenbar. Eine Zusammenf\u00fchrung dieser Daten mit anderen Datenquellen wird nicht vorgenommen. 4. Cookies Unsere Website verwendet sogenannte Cookies. Dabei handelt es sich um kleine Textdateien, die mit Hilfe des Browsers auf Ihrem Endger\u00e4t abgelegt werden. Sie richten keinen Schaden an. Wir nutzen Cookies dazu, unser Angebot nutzerfreundlich zu gestalten. Einige Cookies bleiben auf Ihrem Endger\u00e4t [&hellip;]<\/p>","protected":false},"author":7,"featured_media":0,"parent":0,"menu_order":0,"comment_status":"closed","ping_status":"closed","template":"page-template-blank.php","meta":{"_et_pb_use_builder":"on","_et_pb_old_content":"","_et_gb_content_width":"","footnotes":""},"class_list":["post-3413","page","type-page","status-publish","hentry"],"_links":{"self":[{"href":"https:\/\/muhribiohof.com\/hu\/wp-json\/wp\/v2\/pages\/3413","targetHints":{"allow":["GET"]}}],"collection":[{"href":"https:\/\/muhribiohof.com\/hu\/wp-json\/wp\/v2\/pages"}],"about":[{"href":"https:\/\/muhribiohof.com\/hu\/wp-json\/wp\/v2\/types\/page"}],"author":[{"embeddable":true,"href":"https:\/\/muhribiohof.com\/hu\/wp-json\/wp\/v2\/users\/7"}],"replies":[{"embeddable":true,"href":"https:\/\/muhribiohof.com\/hu\/wp-json\/wp\/v2\/comments?post=3413"}],"version-history":[{"count":4,"href":"https:\/\/muhribiohof.com\/hu\/wp-json\/wp\/v2\/pages\/3413\/revisions"}],"predecessor-version":[{"id":3552,"href":"https:\/\/muhribiohof.com\/hu\/wp-json\/wp\/v2\/pages\/3413\/revisions\/3552"}],"wp:attachment":[{"href":"https:\/\/muhribiohof.com\/hu\/wp-json\/wp\/v2\/media?parent=3413"}],"curies":[{"name":"wp","href":"https:\/\/api.w.org\/{rel}","templated":true}]}}