{"id":2542,"date":"2025-08-23T18:52:35","date_gmt":"2025-08-23T16:52:35","guid":{"rendered":"https:\/\/muhribiohof.com\/?page_id=2542"},"modified":"2026-01-13T15:42:43","modified_gmt":"2026-01-13T14:42:43","slug":"freilandhuhn","status":"publish","type":"page","link":"https:\/\/muhribiohof.com\/hu\/freilandhuhn\/","title":{"rendered":"Szabadon tartott csirke"},"content":{"rendered":"<p>[et_pb_section fb_built=&#8220;1&#8243; admin_label=&#8220;Szakasz&#8220; _builder_version=&#8220;4.27.5&#8243; _module_preset=&#8220;default&#8220; background_image=&#8220;http:\/\/muhribiohof.com\/wp-content\/uploads\/2026\/01\/file_000000005b2471f6bb7f80166678e33e.png&#8220; custom_margin_tablet=&#8220;&#8220; custom_margin_phone=&#8220;-150px||||false|false&#8220; custom_margin_last_edited=&#8220;on|phone&#8220; background_last_edited=&#8220;on|phone&#8220; background_size_phone=&#8220;contain&#8220; locked=&#8220;off&#8220; global_colors_info=&#8220;{}&#8220;][et_pb_row make_equal=&#8220;on&#8220; _builder_version=&#8220;4.25.2&#8243; _module_preset=&#8220;default&#8220; background_enable_image=&#8220;off&#8220; background_blend=&#8220;difference&#8220; width=&#8220;100%&#8220; max_width=&#8220;100%&#8220; min_height=&#8220;501px&#8220; height=&#8220;498px&#8220; max_height=&#8220;1000px&#8220; custom_margin=&#8220;-55px|auto||auto|false|false&#8220; global_colors_info=&#8220;{}&#8220;][et_pb_column type=&#8220;4_4&#8243; _builder_version=&#8220;4.25.2&#8243; _module_preset=&#8220;default&#8220; global_colors_info=&#8220;{}&#8220;][et_pb_text _builder_version=&#8220;4.27.5&#8243; _module_preset=&#8220;default&#8220; text_text_color=&#8220;#000000&#8243; text_font_size=&#8220;23px&#8220; header_text_color=&#8220;#000000&#8243; header_3_text_color=&#8220;#d9a441&#8243; background_color=&#8220;rgba(255,255,255,0.42)&#8220; use_background_color_gradient=&#8220;on&#8220; background_color_gradient_stops=&#8220;rgba(214,214,214,0.39) 0%|rgba(255,255,255,0) 100%&#8220; text_orientation=&#8220;center&#8220; width=&#8220;40%&#8220; width_tablet=&#8220;40%&#8220; width_phone=&#8220;87%&#8220; width_last_edited=&#8220;on|phone&#8220; max_width=&#8220;80%&#8220; module_alignment=&#8220;center&#8220; custom_margin=&#8220;226px||44px||false|false&#8220; custom_margin_tablet=&#8220;226px||44px||false|false&#8220; custom_margin_phone=&#8220;397px||0px||false|false&#8220; custom_margin_last_edited=&#8220;on|phone&#8220; custom_padding=&#8220;5px|||0px|false|false&#8220; border_radii=&#8220;on|8px|8px|8px|8px&#8220; inline_fonts=&#8220;Playfair Display&#8220; global_colors_info=&#8220;{}&#8220;]<\/p>\n<h3><span style=\"font-family: 'Playfair Display'; font-weight: normal; font-size: xx-large;\"><strong>Szabadon tartott csirke<\/strong><\/span><\/h3>\n<h3>Szabadon feln\u0151ni<span style=\"font-family: Lora;\"> \u00cdzekkel teli<\/span><\/h3>\n<h3><\/h3>\n<p><strong><span style=\"font-family: 'Playfair Display SC';\"><\/span><\/strong><\/p>\n<p>[\/et_pb_text][\/et_pb_column][\/et_pb_row][\/et_pb_section][et_pb_section fb_built=&#8220;1&#8243; _builder_version=&#8220;4.25.2&#8243; _module_preset=&#8220;default&#8220; global_colors_info=&#8220;{}&#8220;][et_pb_row column_structure=&#8220;3_5,2_5&#8243; _builder_version=&#8220;4.25.2&#8243; _module_preset=&#8220;default&#8220; global_colors_info=&#8220;{}&#8220;][et_pb_column type=&#8220;3_5&#8243; _builder_version=&#8220;4.25.2&#8243; _module_preset=&#8220;default&#8220; global_colors_info=&#8220;{}&#8220;][et_pb_text _builder_version=&#8220;4.27.5&#8243; _module_preset=&#8220;default&#8220; header_2_font_size=&#8220;56px&#8220; custom_margin_tablet=&#8220;&#8220; custom_margin_phone=&#8220;-50px||||false|false&#8220; custom_margin_last_edited=&#8220;on|phone&#8220; custom_padding=&#8220;0px|||||&#8220; inline_fonts=&#8220;Lora&#8220; global_colors_info=&#8220;{}&#8220;]<\/p>\n<h2 style=\"text-align: center;\"><span style=\"font-family: 'Playfair Display'; font-weight: normal;\">T\u00f6bb mint baromfi<\/span><\/h2>\n<p><span style=\"font-family: 'Playfair Display'; font-weight: normal;\"><\/span><\/p>\n<p style=\"text-align: center;\"><span style=\"font-family: Lora; font-weight: normal;\">A biotermeszt\u00e9s\u0171, szabadon tartott csirk\u00e9k olyan k\u00f6rnyezetben n\u0151nek fel, ahol a szeretet \u00e9s a term\u00e9szetess\u00e9g \u00f6tv\u00f6z\u0151dik.<\/span><\/p>\n<p style=\"text-align: center;\"><span style=\"font-family: Lora; font-weight: normal;\">Szabad t\u00e9r, szerves takarm\u00e1ny \u00e9s olyan k\u00f6rnyezet, amely bizalmat teremt.<\/span><\/p>\n<p style=\"text-align: center;\"><span style=\"font-family: Lora; font-weight: normal;\">Az eredm\u00e9ny k\u00f6nny\u0171, tiszta \u00e9s \u00edzletes h\u00fas - hamarosan a mi farmunkon is.<\/span><\/p>\n<p>[\/et_pb_text][et_pb_text _builder_version=&#8220;4.27.5&#8243; _module_preset=&#8220;default&#8220; header_2_font_size=&#8220;56px&#8220; inline_fonts=&#8220;Lora&#8220; global_colors_info=&#8220;{}&#8220;]<\/p>\n<h2 style=\"text-align: center;\"><span style=\"font-family: 'Playfair Display'; font-weight: normal;\">Egy nap a szabad t\u00e9rben<\/span><\/h2>\n<p><span style=\"font-family: 'Playfair Display'; font-weight: normal;\"><\/span><\/p>\n<p style=\"text-align: center;\"><span style=\"font-family: Lora; font-weight: normal;\">Amikor a nap felmeleg\u00edti a f\u00f6ldet, \u00e9s a mez\u0151k sz\u00e9lesre t\u00e1rulnak, a csirk\u00e9k szabadon \u00e9s a saj\u00e1t temp\u00f3jukban mozognak. A f\u00e9ny, a leveg\u0151 \u00e9s a term\u00e9szet megadja nekik, amire sz\u00fcks\u00e9g\u00fck van - pihen\u00e9st \u00e9s eg\u00e9szs\u00e9get.<\/span><\/p>\n<p style=\"text-align: center;\"><span style=\"font-family: Lora; font-weight: normal;\">Ami sz\u00e1munkra k\u00e9zenfekv\u0151nek hangzik, az val\u00f3j\u00e1ban ritkas\u00e1g. \u00c9s pontosan ez az, ami az \u00edzvil\u00e1gban a k\u00fcl\u00f6nbs\u00e9get jelenti.<\/span><\/p>\n<p style=\"text-align: center;\">[\/et_pb_text][\/et_pb_column][et_pb_column type=&#8220;2_5&#8243; _builder_version=&#8220;4.25.2&#8243; _module_preset=&#8220;default&#8220; global_colors_info=&#8220;{}&#8220;][et_pb_image src=&#8220;http:\/\/muhribiohof.com\/wp-content\/uploads\/2025\/10\/Screenshot_20251014_044352_CapCut.jpg&#8220; _builder_version=&#8220;4.27.5&#8243; _module_preset=&#8220;default&#8220; animation_style=&#8220;fade&#8220; border_radii=&#8220;on|6px|6px|6px|6px&#8220; global_colors_info=&#8220;{}&#8220;][\/et_pb_image][\/et_pb_column][\/et_pb_row][\/et_pb_section][et_pb_section fb_built=&#8220;1&#8243; _builder_version=&#8220;4.27.5&#8243; _module_preset=&#8220;default&#8220; background_color=&#8220;rgba(217,164,65,0.6)&#8220; global_colors_info=&#8220;{}&#8220;][et_pb_row column_structure=&#8220;2_5,3_5&#8243; _builder_version=&#8220;4.27.5&#8243; _module_preset=&#8220;default&#8220; global_colors_info=&#8220;{}&#8220;][et_pb_column type=&#8220;2_5&#8243; _builder_version=&#8220;4.27.5&#8243; _module_preset=&#8220;default&#8220; global_colors_info=&#8220;{}&#8220;][et_pb_image src=&#8220;http:\/\/muhribiohof.com\/wp-content\/uploads\/2025\/09\/1000088419.png&#8220; _builder_version=&#8220;4.27.5&#8243; _module_preset=&#8220;default&#8220; custom_margin=&#8220;34px|||||&#8220; animation_style=&#8220;fade&#8220; border_radii=&#8220;on|6px|6px|6px|6px&#8220; global_colors_info=&#8220;{}&#8220;][\/et_pb_image][\/et_pb_column][et_pb_column type=&#8220;3_5&#8243; _builder_version=&#8220;4.25.2&#8243; _module_preset=&#8220;default&#8220; global_colors_info=&#8220;{}&#8220;][et_pb_text _builder_version=&#8220;4.27.5&#8243; _module_preset=&#8220;default&#8220; header_2_font_size=&#8220;56px&#8220; inline_fonts=&#8220;Lora&#8220; global_colors_info=&#8220;{}&#8220;]<\/p>\n<h2 style=\"text-align: center;\"><span style=\"font-family: 'Playfair Display'; font-weight: normal;\">Moderne Haltung Zeitgem\u00e4\u00dfe Werte<\/span><\/h2>\n<p><span style=\"font-family: 'Playfair Display'; font-weight: normal;\"><\/span><\/p>\n<p style=\"text-align: center;\"><span style=\"font-family: Lora; font-weight: normal;\">\u00daj, szabadt\u00e9ri pajt\u00e1nkban olyan otthont hozunk l\u00e9tre, amely megfelel a modern k\u00f6vetelm\u00e9nyeknek, ugyanakkor meg\u0151rzi a hagyom\u00e1nyos \u00e9rt\u00e9keket.<\/span><\/p>\n<p style=\"text-align: center;\"><span style=\"font-family: Lora; font-weight: normal;\">A legmodernebb szabv\u00e1nyok szerint tervezett \u00e9p\u00fcletek, amelyek a lehet\u0151 legnagyobb mozg\u00e1sszabads\u00e1got biztos\u00edtj\u00e1k az \u00e1llatok sz\u00e1m\u00e1ra, el\u0151seg\u00edtik a j\u00f3 k\u00f6z\u00e9rzetet \u00e9s fenntartj\u00e1k a term\u00e9szetes egyens\u00falyt.\u00a0<\/span><\/p>\n<p style=\"text-align: center;\"><span style=\"font-family: Lora; font-weight: normal;\">Az eredetis\u00e9get \u00e9s a gondoss\u00e1got \u00f6tv\u00f6z\u0151 t\u00e9r, amelyet az odafigyel\u00e9s \u00e9s a meggy\u0151z\u0151d\u00e9s jellemez.<\/span><\/p>\n<p style=\"text-align: center;\">\n<p>[\/et_pb_text][\/et_pb_column][\/et_pb_row][\/et_pb_section][et_pb_section fb_built=&#8220;1&#8243; _builder_version=&#8220;4.25.2&#8243; _module_preset=&#8220;default&#8220; global_colors_info=&#8220;{}&#8220;][et_pb_row _builder_version=&#8220;4.25.2&#8243; _module_preset=&#8220;default&#8220; global_colors_info=&#8220;{}&#8220;][et_pb_column type=&#8220;4_4&#8243; _builder_version=&#8220;4.25.2&#8243; _module_preset=&#8220;default&#8220; global_colors_info=&#8220;{}&#8220;][et_pb_text _builder_version=&#8220;4.27.5&#8243; _module_preset=&#8220;default&#8220; header_2_font_size=&#8220;56px&#8220; custom_margin=&#8220;-49px|||||&#8220; inline_fonts=&#8220;Lora&#8220; global_colors_info=&#8220;{}&#8220;]<\/p>\n<h2 style=\"text-align: center;\"><span style=\"font-family: 'Playfair Display'; font-weight: normal;\">Nat\u00fcrlich limitiert Nat\u00fcrlich besonders<\/span><\/h2>\n<p><span style=\"font-family: 'Playfair Display'; font-weight: normal;\"><\/span><\/p>\n<p style=\"text-align: center;\"><span style=\"font-family: Lora; font-weight: normal;\">H\u00fas, amelyet nem \u00f6mlesztve, hanem val\u00f3di odaad\u00e1ssal \u00e9s gondoskod\u00e1ssal \u00e1ll\u00edtanak el\u0151.<\/span><\/p>\n<p style=\"text-align: center;\"><span style=\"font-family: Lora; font-weight: normal;\">Kiz\u00e1r\u00f3lag - korl\u00e1tozott mennyis\u00e9gben, k\u00f6zvetlen\u00fcl a gazdas\u00e1gb\u00f3l.<\/span><\/p>\n<p style=\"text-align: center;\">\n<p>[\/et_pb_text][\/et_pb_column][\/et_pb_row][\/et_pb_section][et_pb_section fb_built=&#8220;1&#8243; _builder_version=&#8220;4.27.5&#8243; _module_preset=&#8220;default&#8220; background_color=&#8220;rgba(217,164,65,0.6)&#8220; custom_margin=&#8220;-49px|||||&#8220; global_colors_info=&#8220;{}&#8220;][et_pb_row column_structure=&#8220;1_3,1_3,1_3&#8243; _builder_version=&#8220;4.27.5&#8243; _module_preset=&#8220;default&#8220; global_colors_info=&#8220;{}&#8220;][et_pb_column type=&#8220;1_3&#8243; _builder_version=&#8220;4.25.2&#8243; _module_preset=&#8220;default&#8220; global_colors_info=&#8220;{}&#8220;][et_pb_text _builder_version=&#8220;4.27.5&#8243; _module_preset=&#8220;default&#8220; inline_fonts=&#8220;Lora,Playfair Display&#8220; global_colors_info=&#8220;{}&#8220;]<\/p>\n<h4 style=\"text-align: center;\"><span style=\"font-family: 'Playfair Display'; font-weight: normal;\"><img decoding=\"async\" data-emoji=\"\ud83c\udf31\" class=\"an1\" alt=\"\ud83c\udf31\" aria-label=\"\ud83c\udf31\" draggable=\"false\" src=\"https:\/\/fonts.gstatic.com\/s\/e\/notoemoji\/16.0\/1f331\/72.png\" loading=\"lazy\" width=\"25\" height=\"25\" \/>\u00a0Szerves takarm\u00e1ny<\/span><\/h4>\n<div dir=\"auto\" style=\"text-align: center;\"><span style=\"font-family: Lora; font-weight: normal;\">Saj\u00e1t kez\u0171leg, term\u00e9szetes \u00e9s fenntarthat\u00f3.<\/span><\/div>\n<p><span style=\"font-family: 'Playfair Display'; font-weight: normal;\"><\/span><\/p>\n<p style=\"text-align: center;\">[\/et_pb_text][\/et_pb_column][et_pb_column type=&#8220;1_3&#8243; _builder_version=&#8220;4.27.5&#8243; _module_preset=&#8220;default&#8220; global_colors_info=&#8220;{}&#8220;][et_pb_text _builder_version=&#8220;4.27.5&#8243; _module_preset=&#8220;default&#8220; inline_fonts=&#8220;Playfair Display&#8220; global_colors_info=&#8220;{}&#8220;]<\/p>\n<h4 dir=\"auto\" style=\"text-align: center;\"><img decoding=\"async\" data-emoji=\"\u2600\ufe0f\" class=\"an1\" alt=\"\u2600\ufe0f\" aria-label=\"\u2600\ufe0f\" draggable=\"false\" src=\"https:\/\/fonts.gstatic.com\/s\/e\/notoemoji\/16.0\/2600_fe0f\/72.png\" loading=\"lazy\" width=\"25\" height=\"25\" \/><span>\u00a0<\/span><span style=\"font-family: 'Playfair Display';\">Ny\u00edlt t\u00e9r \u00e9s f\u00e9ny<\/span><\/h4>\n<div dir=\"auto\" style=\"text-align: center;\"><span style=\"font-family: Lora; font-weight: normal;\">Sz\u00e9les fel\u00fcletek, mozg\u00e1s \u00e9s term\u00e9szetess\u00e9g.<\/span><\/div>\n<p>[\/et_pb_text][\/et_pb_column][et_pb_column type=&#8220;1_3&#8243; _builder_version=&#8220;4.25.2&#8243; _module_preset=&#8220;default&#8220; global_colors_info=&#8220;{}&#8220;][et_pb_text _builder_version=&#8220;4.27.5&#8243; _module_preset=&#8220;default&#8220; inline_fonts=&#8220;Lora&#8220; global_colors_info=&#8220;{}&#8220;]<\/p>\n<h4 dir=\"auto\" style=\"text-align: center;\"><img decoding=\"async\" data-emoji=\"\ud83d\udc13\" class=\"an1\" alt=\"\ud83d\udc13\" aria-label=\"\ud83d\udc13\" draggable=\"false\" src=\"https:\/\/fonts.gstatic.com\/s\/e\/notoemoji\/16.0\/1f413\/72.png\" loading=\"lazy\" width=\"25\" height=\"25\" \/><span>\u00a0<\/span><span style=\"font-family: 'Playfair Display'; font-weight: normal;\">Eg\u00e9szs\u00e9g \u00e9s j\u00f3l\u00e9t<\/span><\/h4>\n<div dir=\"auto\" style=\"text-align: center;\"><span style=\"font-family: Lora; font-weight: normal;\">Egy ist\u00e1ll\u00f3, amely a v\u00e9delmet \u00e9s a szabads\u00e1got \u00f6tv\u00f6zi.<\/span><\/div>\n<p>[\/et_pb_text][\/et_pb_column][\/et_pb_row][\/et_pb_section][et_pb_section fb_built=&#8220;1&#8243; _builder_version=&#8220;4.27.5&#8243; _module_preset=&#8220;default&#8220; background_color=&#8220;rgba(255,255,255,0.78)&#8220; background_image=&#8220;http:\/\/muhribiohof.com\/wp-content\/uploads\/2025\/12\/1000105112.png&#8220; background_blend=&#8220;soft-light&#8220; global_colors_info=&#8220;{}&#8220;][et_pb_row _builder_version=&#8220;4.25.2&#8243; _module_preset=&#8220;default&#8220; global_colors_info=&#8220;{}&#8220;][et_pb_column type=&#8220;4_4&#8243; _builder_version=&#8220;4.25.2&#8243; _module_preset=&#8220;default&#8220; global_colors_info=&#8220;{}&#8220;][et_pb_text _builder_version=&#8220;4.27.5&#8243; _module_preset=&#8220;default&#8220; text_font_size=&#8220;20px&#8220; header_2_font_size=&#8220;56px&#8220; custom_margin=&#8220;-50px|||||&#8220; header_2_font_size_tablet=&#8220;56px&#8220; header_2_font_size_phone=&#8220;56px&#8220; header_2_font_size_last_edited=&#8220;on|desktop&#8220; inline_fonts=&#8220;Lora&#8220; global_colors_info=&#8220;{}&#8220;]<\/p>\n<h2 style=\"text-align: center;\"><span style=\"font-family: 'Playfair Display'; font-weight: normal;\">Ein neues Kapitel beginnt<\/span><\/h2>\n<p><span style=\"font-family: 'Playfair Display'; font-weight: normal;\"><\/span><\/p>\n<p style=\"text-align: center;\"><span style=\"font-family: Lora; font-weight: normal;\">Szabadon tartott bio csirke - hamarosan a gazdas\u00e1gunk hagyom\u00e1nyainak r\u00e9sze lesz.<\/span><\/p>\n<p style=\"text-align: center;\">\n<p>[\/et_pb_text][\/et_pb_column][\/et_pb_row][et_pb_row _builder_version=&#8220;4.27.5&#8243; _module_preset=&#8220;default&#8220; background_enable_image=&#8220;off&#8220; width=&#8220;100%&#8220; max_width=&#8220;100%&#8220; global_colors_info=&#8220;{}&#8220;][et_pb_column type=&#8220;4_4&#8243; _builder_version=&#8220;4.27.5&#8243; _module_preset=&#8220;default&#8220; global_colors_info=&#8220;{}&#8220;][et_pb_button button_url=&#8220;https:\/\/muhribiohof.com\/kontakt\/&#8220; button_text=&#8220;Kontakt aufnehmen&#8220; button_alignment=&#8220;center&#8220; _builder_version=&#8220;4.27.5&#8243; _module_preset=&#8220;default&#8220; custom_button=&#8220;on&#8220; button_text_size=&#8220;16px&#8220; button_text_color=&#8220;#d9a441&#8243; button_border_width=&#8220;1px&#8220; button_border_color=&#8220;#d9a441&#8243; button_border_radius=&#8220;3px&#8220; button_font=&#8220;Lora||||||||&#8220; hover_enabled=&#8220;0&#8243; global_colors_info=&#8220;{}&#8220; sticky_enabled=&#8220;0&#8243;][\/et_pb_button][\/et_pb_column][\/et_pb_row][\/et_pb_section]<\/p>","protected":false},"excerpt":{"rendered":"<p>Freilandhuhn Frei aufgewachsen Voller Geschmack Mehr als Gefl\u00fcgel Bio-Freilandh\u00fchner wachsen in einer Haltung, die Liebe und Nat\u00fcrlichkeit vereint. Freiraum, Bio-Futter und eine Umgebung, die Vertrauen schafft. So entsteht Fleisch, das leicht, rein und aromatisch ist &#8211; bald auch bei uns am Hof.Ein Tag im Freiraum Wenn die Sonne den Boden w\u00e4rmt und die Felder weit offen stehen, bewegen sich die H\u00fchner frei und im eigenem Rhythmus. Licht, Luft und Natur geben ihnen, was sie brauchen &#8211; Ruhe und Gesundheit. Was f\u00fcr uns selbstverst\u00e4ndlich klingt, ist in Wahrheit eine Seltenheit. Und genau das macht den Unterschied im Geschmack. Moderne Haltung Zeitgem\u00e4\u00dfe Werte In unserem neuen Freilandstall entsteht ein Zuhause, das modernen Standards entspricht und zugleich traditionelle Werte bewahrt. Nach modernsten Standards konzipierte Geb\u00e4ude, um den Tieren gr\u00f6\u00dftm\u00f6gliche Bewegungsfreiheit zu schenken, Wohlbefinden zu f\u00f6rdern und eine nat\u00fcrliche Balance zu wahren.\u00a0 Ein Raum, der Urspr\u00fcnglichkeit und F\u00fcrsorge verbindet &#8211; getragen von Achtsamkeit und \u00dcberzeugung. Nat\u00fcrlich limitiert Nat\u00fcrlich besonders Fleisch, das nicht in Masse entsteht, sondern aus echter Hingabe und Sorgfalt. Exklusiv erh\u00e4ltlich &#8211; in begrenzter St\u00fcckzahl, direkt vom Hof. \u00a0Bio-Futter Aus eigener Hand, naturrein und nachhaltig. \u00a0Freiraum &amp; Licht Weite Fl\u00e4chen, Bewegung und Nat\u00fcrlichkeit.\u00a0Gesundheit &amp; Wohlbefinden Ein Stall, der Schutz und Freiheit verbindet.Ein [&hellip;]<\/p>","protected":false},"author":1,"featured_media":0,"parent":0,"menu_order":0,"comment_status":"closed","ping_status":"closed","template":"","meta":{"_et_pb_use_builder":"on","_et_pb_old_content":"","_et_gb_content_width":"","footnotes":""},"class_list":["post-2542","page","type-page","status-publish","hentry"],"_links":{"self":[{"href":"https:\/\/muhribiohof.com\/hu\/wp-json\/wp\/v2\/pages\/2542","targetHints":{"allow":["GET"]}}],"collection":[{"href":"https:\/\/muhribiohof.com\/hu\/wp-json\/wp\/v2\/pages"}],"about":[{"href":"https:\/\/muhribiohof.com\/hu\/wp-json\/wp\/v2\/types\/page"}],"author":[{"embeddable":true,"href":"https:\/\/muhribiohof.com\/hu\/wp-json\/wp\/v2\/users\/1"}],"replies":[{"embeddable":true,"href":"https:\/\/muhribiohof.com\/hu\/wp-json\/wp\/v2\/comments?post=2542"}],"version-history":[{"count":46,"href":"https:\/\/muhribiohof.com\/hu\/wp-json\/wp\/v2\/pages\/2542\/revisions"}],"predecessor-version":[{"id":3654,"href":"https:\/\/muhribiohof.com\/hu\/wp-json\/wp\/v2\/pages\/2542\/revisions\/3654"}],"wp:attachment":[{"href":"https:\/\/muhribiohof.com\/hu\/wp-json\/wp\/v2\/media?parent=2542"}],"curies":[{"name":"wp","href":"https:\/\/api.w.org\/{rel}","templated":true}]}}