{"id":2540,"date":"2025-08-23T18:51:52","date_gmt":"2025-08-23T16:51:52","guid":{"rendered":"https:\/\/muhribiohof.com\/?page_id=2540"},"modified":"2026-01-13T15:41:41","modified_gmt":"2026-01-13T14:41:41","slug":"angus-rind","status":"publish","type":"page","link":"https:\/\/muhribiohof.com\/hu\/angus-rind\/","title":{"rendered":"Angus marhah\u00fas"},"content":{"rendered":"<p>[et_pb_section fb_built=&#8220;1&#8243; _builder_version=&#8220;4.27.5&#8243; _module_preset=&#8220;default&#8220; background_image=&#8220;http:\/\/muhribiohof.com\/wp-content\/uploads\/2025\/09\/20250920_093022-scaled.jpg&#8220; background_position=&#8220;top_right&#8220; background_last_edited=&#8220;on|phone&#8220; background_size_phone=&#8220;contain&#8220; locked=&#8220;off&#8220; global_colors_info=&#8220;{}&#8220;][et_pb_row make_equal=&#8220;on&#8220; _builder_version=&#8220;4.25.2&#8243; _module_preset=&#8220;default&#8220; background_enable_image=&#8220;off&#8220; background_blend=&#8220;difference&#8220; width=&#8220;100%&#8220; max_width=&#8220;100%&#8220; min_height=&#8220;501px&#8220; height=&#8220;498px&#8220; max_height=&#8220;1000px&#8220; custom_margin=&#8220;-55px|auto||auto|false|false&#8220; global_colors_info=&#8220;{}&#8220;][et_pb_column type=&#8220;4_4&#8243; _builder_version=&#8220;4.25.2&#8243; _module_preset=&#8220;default&#8220; global_colors_info=&#8220;{}&#8220;][et_pb_text _builder_version=&#8220;4.27.5&#8243; _module_preset=&#8220;default&#8220; text_text_color=&#8220;#7f2e00&#8243; text_font_size=&#8220;23px&#8220; header_text_color=&#8220;#000000&#8243; header_3_text_color=&#8220;#7f2e00&#8243; background_color=&#8220;rgba(255,255,255,0.61)&#8220; use_background_color_gradient=&#8220;on&#8220; background_color_gradient_stops=&#8220;rgba(214,214,214,0.39) 0%|rgba(255,255,255,0) 100%&#8220; text_orientation=&#8220;center&#8220; width=&#8220;64%&#8220; max_width=&#8220;35%&#8220; max_width_tablet=&#8220;35%&#8220; max_width_phone=&#8220;93%&#8220; max_width_last_edited=&#8220;on|phone&#8220; module_alignment=&#8220;center&#8220; custom_margin=&#8220;287px||44px||false|false&#8220; custom_margin_tablet=&#8220;287px||44px||false|false&#8220; custom_margin_phone=&#8220;225px||||false|false&#8220; custom_margin_last_edited=&#8220;on|phone&#8220; custom_padding=&#8220;5px|||0px|false|false&#8220; border_radii=&#8220;on|8px|8px|8px|8px&#8220; inline_fonts=&#8220;Playfair Display&#8220; global_colors_info=&#8220;{}&#8220;]<\/p>\n<h3><span style=\"font-family: 'Playfair Display'; font-weight: normal; font-size: xx-large;\"><strong>Angus marhah\u00fas<\/strong><\/span><\/h3>\n<h3>Repkekt\u00e1val termesztve Er\u0151vel \u00e9lvezve<\/h3>\n<h3><strong><span style=\"font-family: 'Playfair Display SC';\"><\/span><\/strong><\/h3>\n<p><strong><span style=\"font-family: 'Playfair Display SC';\"><\/span><\/strong><\/p>\n<p>[\/et_pb_text][\/et_pb_column][\/et_pb_row][\/et_pb_section][et_pb_section fb_built=&#8220;1&#8243; _builder_version=&#8220;4.25.2&#8243; _module_preset=&#8220;default&#8220; global_colors_info=&#8220;{}&#8220;][et_pb_row column_structure=&#8220;3_5,2_5&#8243; _builder_version=&#8220;4.25.2&#8243; _module_preset=&#8220;default&#8220; global_colors_info=&#8220;{}&#8220;][et_pb_column type=&#8220;3_5&#8243; _builder_version=&#8220;4.25.2&#8243; _module_preset=&#8220;default&#8220; global_colors_info=&#8220;{}&#8220;][et_pb_text _builder_version=&#8220;4.27.5&#8243; _module_preset=&#8220;default&#8220; text_text_color=&#8220;#808000&#8243; header_font_size=&#8220;56px&#8220; header_2_text_color=&#8220;#808000&#8243; header_4_font_size=&#8220;20px&#8220; custom_margin=&#8220;46px|||||&#8220; custom_margin_tablet=&#8220;71px|||||&#8220; custom_margin_phone=&#8220;-220px||||false|false&#8220; custom_margin_last_edited=&#8220;on|phone&#8220; inline_fonts=&#8220;Playfair Display,Lora&#8220; global_colors_info=&#8220;{}&#8220;]<\/p>\n<h1 style=\"text-align: center;\"><span style=\"font-family: 'Playfair Display'; font-weight: normal;\">H\u00fas tartalommal<\/span><\/h1>\n<p><span style=\"font-family: 'Playfair Display'; font-weight: normal;\"><\/span><\/p>\n<p style=\"text-align: center;\"><span style=\"font-family: Lora;\">Angus szarvasmarh\u00e1ink nem t\u00f6megesen, hanem b\u00e9k\u00e9ben n\u0151nek. Hatalmas legel\u0151k\u00f6n, saj\u00e1t bio takarm\u00e1nyunkkal etetve, t\u00fcrelemmel \u00e9s odafigyel\u00e9ssel k\u00eds\u00e9rve.<\/span><\/p>\n<p style=\"text-align: center;\"><span style=\"font-family: Lora;\">Az eredm\u00e9ny: finoman m\u00e1rv\u00e1nyozott h\u00fas - t\u00e1panyagokban gazdag, hamis\u00edtatlan \u00edz\u0171. Olyan \u00edz, amely \u00e9rezteti az eredetet.<\/span><\/p>\n<p>[\/et_pb_text][\/et_pb_column][et_pb_column type=&#8220;2_5&#8243; _builder_version=&#8220;4.25.2&#8243; _module_preset=&#8220;default&#8220; global_colors_info=&#8220;{}&#8220;][et_pb_image src=&#8220;http:\/\/muhribiohof.com\/wp-content\/uploads\/2025\/10\/20251002_073742.jpg&#8220; _builder_version=&#8220;4.27.5&#8243; _module_preset=&#8220;default&#8220; animation_style=&#8220;fade&#8220; border_radii=&#8220;on|6px|6px|6px|6px&#8220; global_colors_info=&#8220;{}&#8220;][\/et_pb_image][\/et_pb_column][\/et_pb_row][\/et_pb_section][et_pb_section fb_built=&#8220;1&#8243; _builder_version=&#8220;4.27.5&#8243; _module_preset=&#8220;default&#8220; background_color=&#8220;rgba(127,46,0,0.2)&#8220; global_colors_info=&#8220;{}&#8220;][et_pb_row column_structure=&#8220;1_3,2_3&#8243; _builder_version=&#8220;4.25.2&#8243; _module_preset=&#8220;default&#8220; custom_margin=&#8220;-66px|auto||auto||&#8220; global_colors_info=&#8220;{}&#8220;][et_pb_column type=&#8220;1_3&#8243; _builder_version=&#8220;4.25.2&#8243; _module_preset=&#8220;default&#8220; global_colors_info=&#8220;{}&#8220;][et_pb_image src=&#8220;http:\/\/muhribiohof.com\/wp-content\/uploads\/2026\/01\/20250921_172810.jpg&#8220; _builder_version=&#8220;4.27.5&#8243; _module_preset=&#8220;default&#8220; custom_margin=&#8220;34px|||||&#8220; animation_style=&#8220;fade&#8220; border_radii=&#8220;on|6px|6px|6px|6px&#8220; global_colors_info=&#8220;{}&#8220;][\/et_pb_image][et_pb_image src=&#8220;http:\/\/muhribiohof.com\/wp-content\/uploads\/2025\/10\/IMG_20251006_064629_690.jpg&#8220; title_text=&#8220;IMG-20260106-WA0003&#8243; _builder_version=&#8220;4.27.5&#8243; _module_preset=&#8220;default&#8220; global_colors_info=&#8220;{}&#8220;][\/et_pb_image][\/et_pb_column][et_pb_column type=&#8220;2_3&#8243; _builder_version=&#8220;4.25.2&#8243; _module_preset=&#8220;default&#8220; global_colors_info=&#8220;{}&#8220;][et_pb_text _builder_version=&#8220;4.27.5&#8243; _module_preset=&#8220;default&#8220; header_font_size=&#8220;56px&#8220; header_2_font_size=&#8220;56px&#8220; custom_margin=&#8220;135px|||||&#8220; custom_margin_tablet=&#8220;135px|||||&#8220; custom_margin_phone=&#8220;0px||||false|false&#8220; custom_margin_last_edited=&#8220;on|phone&#8220; inline_fonts=&#8220;Playfair Display,Lora&#8220; global_colors_info=&#8220;{}&#8220;]<\/p>\n<h2 style=\"text-align: center;\"><span style=\"font-family: 'Playfair Display'; font-weight: normal;\">Egy reggel a legel\u0151n<\/span><\/h2>\n<p><span style=\"font-family: 'Playfair Display'; font-weight: normal;\"><\/span><\/p>\n<p style=\"text-align: center;\"><span style=\"font-family: Lora;\">Amikor a k\u00f6d m\u00e9g mindig a dombok felett van, az angus marh\u00e1k lassan haladnak a f\u0171ben.<\/span><\/p>\n<p style=\"text-align: center;\"><span style=\"font-family: Lora;\">A saj\u00e1t temp\u00f3jukban n\u0151nek - er\u0151sek, kiegyens\u00falyozottak, harm\u00f3ni\u00e1ban a term\u00e9szettel.<\/span><\/p>\n<p style=\"text-align: center;\"><span style=\"font-family: Lora;\">Ez a temp\u00f3 a mi hozz\u00e1\u00e1ll\u00e1sunk. \u00c9s pontosan ez a temp\u00f3 az, ami az \u00edzek k\u00f6z\u00f6tt a k\u00fcl\u00f6nbs\u00e9get jelenti. <\/span><span style=\"font-family: Lora;\"><\/span><\/p>\n<p>[\/et_pb_text][et_pb_text _builder_version=&#8220;4.27.5&#8243; _module_preset=&#8220;default&#8220; header_font_size=&#8220;56px&#8220; header_2_font_size=&#8220;56px&#8220; custom_margin=&#8220;165px|||||&#8220; custom_margin_tablet=&#8220;165px|||||&#8220; custom_margin_phone=&#8220;0px||||false|false&#8220; custom_margin_last_edited=&#8220;on|phone&#8220; inline_fonts=&#8220;Playfair Display,Lora&#8220; global_colors_info=&#8220;{}&#8220;]<\/p>\n<h2 style=\"text-align: center;\"><span style=\"font-family: 'Playfair Display'; font-weight: normal;\">Eredet \u00e9s v\u00e9rvonal<\/span><\/h2>\n<p><span style=\"font-family: 'Playfair Display'; font-weight: normal;\"><\/span><\/p>\n<p style=\"text-align: center;\"><span style=\"font-family: Lora;\">Angus-\u00e1llom\u00e1nyunk a vil\u00e1g legjobb v\u00e9rvonalainak kiv\u00e1l\u00f3 v\u00e1logat\u00e1s\u00e1b\u00f3l sz\u00e1rmazik: amerikai, angol \u00e9s n\u00e9met.<\/span><\/p>\n<p style=\"text-align: center;\"><span style=\"font-family: Lora;\">Hagyom\u00e1nyos teny\u00e9szetk\u00e9nt, v\u00e1logatott bik\u00e1val \u00e9s k\u00e9zzel v\u00e1logatott tehenekkel,<\/span><\/p>\n<p style=\"text-align: center;\"><span style=\"font-family: Lora;\">Ez olyan term\u00e9kcsal\u00e1dot hoz l\u00e9tre, amely gener\u00e1ci\u00f3kon kereszt\u00fcl hordozza az er\u0151t, a karaktert \u00e9s a min\u0151s\u00e9get.\u00a0<\/span><\/p>\n<p>[\/et_pb_text][\/et_pb_column][\/et_pb_row][\/et_pb_section][et_pb_section fb_built=&#8220;1&#8243; _builder_version=&#8220;4.25.2&#8243; _module_preset=&#8220;default&#8220; custom_margin=&#8220;-26px|||||&#8220; global_colors_info=&#8220;{}&#8220;][et_pb_row column_structure=&#8220;3_5,2_5&#8243; _builder_version=&#8220;4.25.2&#8243; _module_preset=&#8220;default&#8220; global_colors_info=&#8220;{}&#8220;][et_pb_column type=&#8220;3_5&#8243; _builder_version=&#8220;4.27.5&#8243; _module_preset=&#8220;default&#8220; global_colors_info=&#8220;{}&#8220;][et_pb_text _builder_version=&#8220;4.27.5&#8243; _module_preset=&#8220;default&#8220; header_2_font_size=&#8220;56px&#8220; custom_margin=&#8220;-29px|||||&#8220; custom_margin_tablet=&#8220;-29px|||||&#8220; custom_margin_phone=&#8220;-125px||||false|false&#8220; custom_margin_last_edited=&#8220;on|phone&#8220; custom_padding=&#8220;76px|||||&#8220; header_2_font_size_tablet=&#8220;56px&#8220; header_2_font_size_phone=&#8220;51px&#8220; header_2_font_size_last_edited=&#8220;on|phone&#8220; inline_fonts=&#8220;Playfair Display,Lora&#8220; global_colors_info=&#8220;{}&#8220;]<\/p>\n<h2 style=\"text-align: center;\"><span style=\"font-family: 'Playfair Display'; font-weight: normal;\">Exkluzivit\u00e1s, amely \u00f6sszek\u00f6t<\/span><\/h2>\n<p><span style=\"font-family: 'Playfair Display'; font-weight: normal;\"><\/span><\/p>\n<p style=\"text-align: center;\"><span style=\"font-family: Lora;\">Angus szarvasmarh\u00e1ink nemcsak a legel\u0151nk, hanem a k\u00f6z\u00f6ss\u00e9g\u00fcnk r\u00e9szei is.<\/span><\/p>\n<p style=\"text-align: center;\"><span style=\"font-family: Lora;\">Mind az \u00e9l\u0151 \u00e1llatokat, mind a saj\u00e1t gazdas\u00e1gunkb\u00f3l sz\u00e1rmaz\u00f3 h\u00fast k\u00edn\u00e1ljuk - mindig korl\u00e1tozott sz\u00e1mban, mindig k\u00e9r\u00e9sre.<\/span><\/p>\n<p style=\"text-align: center;\"><span style=\"font-family: Lora;\">Egyedi, harmoniz\u00e1lt, tisztelettud\u00f3an feldolgozott, saj\u00e1t teny\u00e9szt\u00e9sb\u0151l sz\u00e1rmaz\u00f3 term\u00e9kek.<\/span><\/p>\n<p style=\"text-align: center;\">[\/et_pb_text][\/et_pb_column][et_pb_column type=&#8220;2_5&#8243; _builder_version=&#8220;4.25.2&#8243; _module_preset=&#8220;default&#8220; global_colors_info=&#8220;{}&#8220;][et_pb_image src=&#8220;http:\/\/muhribiohof.com\/wp-content\/uploads\/2025\/09\/1000088410.png&#8220; _builder_version=&#8220;4.27.5&#8243; _module_preset=&#8220;default&#8220; animation_style=&#8220;fade&#8220; border_radii=&#8220;on|6px|6px|6px|6px&#8220; global_colors_info=&#8220;{}&#8220;][\/et_pb_image][\/et_pb_column][\/et_pb_row][\/et_pb_section][et_pb_section fb_built=&#8220;1&#8243; _builder_version=&#8220;4.27.5&#8243; _module_preset=&#8220;default&#8220; background_color=&#8220;rgba(127,46,0,0.2)&#8220; custom_padding=&#8220;0px|||||&#8220; global_colors_info=&#8220;{}&#8220;][et_pb_row column_structure=&#8220;1_3,1_3,1_3&#8243; _builder_version=&#8220;4.25.2&#8243; _module_preset=&#8220;default&#8220; custom_margin=&#8220;33px|auto|26px|auto||&#8220; global_colors_info=&#8220;{}&#8220;][et_pb_column type=&#8220;1_3&#8243; _builder_version=&#8220;4.25.2&#8243; _module_preset=&#8220;default&#8220; global_colors_info=&#8220;{}&#8220;][et_pb_text _builder_version=&#8220;4.27.5&#8243; _module_preset=&#8220;default&#8220; inline_fonts=&#8220;Lora,Playfair Display&#8220; global_colors_info=&#8220;{}&#8220;]<\/p>\n<h4 dir=\"auto\"><\/h4>\n<h4 dir=\"auto\"><img decoding=\"async\" data-emoji=\"\ud83c\udf31\" class=\"an1\" alt=\"\ud83c\udf31\" aria-label=\"\ud83c\udf31\" draggable=\"false\" src=\"https:\/\/fonts.gstatic.com\/s\/e\/notoemoji\/16.0\/1f331\/72.png\" loading=\"lazy\" width=\"25\" height=\"25\" \/><span><\/span><span style=\"font-family: 'Playfair Display';\">Szerves takarm\u00e1ny<\/span><\/h4>\n<div dir=\"auto\"><span style=\"font-family: Lora; font-weight: normal;\">Saj\u00e1t kez\u0171leg, term\u00e9szetes \u00e9s fenntarthat\u00f3<\/span><\/div>\n<p>[\/et_pb_text][\/et_pb_column][et_pb_column type=&#8220;1_3&#8243; _builder_version=&#8220;4.25.2&#8243; _module_preset=&#8220;default&#8220; global_colors_info=&#8220;{}&#8220;][et_pb_text _builder_version=&#8220;4.27.5&#8243; _module_preset=&#8220;default&#8220; inline_fonts=&#8220;Lora&#8220; global_colors_info=&#8220;{}&#8220;]<\/p>\n<h4 dir=\"auto\"><span><\/span><\/h4>\n<h4 dir=\"auto\"><span>\u00a0\u2600\ufe0f<\/span><span style=\"font-family: 'Playfair Display'; font-weight: normal;\">Szabad tart\u00e1s<\/span><\/h4>\n<div dir=\"auto\"><span style=\"font-family: Lora;\">T\u00e1gas terek, az \u00e1llatok tisztelete.<\/span><\/div>\n<p>[\/et_pb_text][\/et_pb_column][et_pb_column type=&#8220;1_3&#8243; _builder_version=&#8220;4.25.2&#8243; _module_preset=&#8220;default&#8220; global_colors_info=&#8220;{}&#8220;][et_pb_text _builder_version=&#8220;4.25.2&#8243; _module_preset=&#8220;default&#8220; inline_fonts=&#8220;Lora&#8220; global_colors_info=&#8220;{}&#8220;]<\/p>\n<h4 dir=\"auto\"><img decoding=\"async\" data-emoji=\"\ud83e\udd69\" class=\"an1\" alt=\"\ud83e\udd69\" aria-label=\"\ud83e\udd69\" draggable=\"false\" src=\"https:\/\/fonts.gstatic.com\/s\/e\/notoemoji\/16.0\/1f969\/72.png\" loading=\"lazy\" width=\"25\" height=\"25\" \/><span>\u00a0<\/span>Finoman m\u00e1rv\u00e1nyozott<\/h4>\n<div dir=\"auto\"><span style=\"font-family: Lora;\">H\u00fas er\u0151vel, l\u00e9lekkel \u00e9s m\u00e9lys\u00e9ggel.<\/span><\/div>\n<p>[\/et_pb_text][\/et_pb_column][\/et_pb_row][\/et_pb_section][et_pb_section fb_built=&#8220;1&#8243; _builder_version=&#8220;4.25.2&#8243; _module_preset=&#8220;default&#8220; custom_padding=&#8220;0px|||||&#8220; global_colors_info=&#8220;{}&#8220;][et_pb_row _builder_version=&#8220;4.25.2&#8243; _module_preset=&#8220;default&#8220; custom_margin=&#8220;-46px|auto||auto||&#8220; global_colors_info=&#8220;{}&#8220;][et_pb_column type=&#8220;4_4&#8243; _builder_version=&#8220;4.25.2&#8243; _module_preset=&#8220;default&#8220; global_colors_info=&#8220;{}&#8220;][et_pb_text _builder_version=&#8220;4.27.5&#8243; _module_preset=&#8220;default&#8220; header_2_font_size=&#8220;56px&#8220; header_2_font_size_tablet=&#8220;56px&#8220; header_2_font_size_phone=&#8220;56px&#8220; header_2_font_size_last_edited=&#8220;on|desktop&#8220; inline_fonts=&#8220;Playfair Display,Lora&#8220; global_colors_info=&#8220;{}&#8220;]<\/p>\n<h2 style=\"text-align: center;\"><span style=\"font-family: 'Playfair Display'; font-weight: normal;\">Herkunft, die man schmeckt<\/span><\/h2>\n<p><span style=\"font-family: 'Playfair Display'; font-weight: normal;\"><\/span><\/p>\n<p style=\"text-align: center;\"><span style=\"font-family: Lora;\">Ritka. Finoman hangolt. A val\u00f3di min\u0151s\u00e9g kifejez\u0151d\u00e9se.<\/span><\/p>\n<p style=\"text-align: center;\">\n<p>[\/et_pb_text][et_pb_button button_url=&#8220;https:\/\/muhribiohof.com\/kontakt\/&#8220; button_text=&#8220;Kontakt aufnehmen&#8220; button_alignment=&#8220;center&#8220; _builder_version=&#8220;4.27.5&#8243; _module_preset=&#8220;default&#8220; custom_button=&#8220;on&#8220; button_text_size=&#8220;16px&#8220; button_text_color=&#8220;#7f2e00&#8243; button_border_width=&#8220;1px&#8220; button_border_color=&#8220;#7f2e00&#8243; button_border_radius=&#8220;3px&#8220; hover_enabled=&#8220;0&#8243; global_colors_info=&#8220;{}&#8220; sticky_enabled=&#8220;0&#8243;][\/et_pb_button][\/et_pb_column][\/et_pb_row][\/et_pb_section]<\/p>","protected":false},"excerpt":{"rendered":"<p>Angus-Rind Mit Repkekt gewachsen Mit Kraft genossen Fleisch mit Substanz Unsere Angus-Rinder wachsen nicht in Masse, sondern in Ruhe. Auf weiten Weiden, gef\u00fcttert mit eigenem Bio-Futter, begleitet von Geduld und Achtsamkeit. Das Ergebnis: fein marmoriertes Fleisch &#8211; reich an N\u00e4hrstoffen, unverf\u00e4lscht im Geschmack. Ein Genuss, der Herkunft sp\u00fcrbar macht.Ein Morgen auf den Weiden Wenn der Nebel noch \u00fcber den H\u00fcgeln liegt, ziehen die Angus-Rinder langsam durch das Gras. Sie wachsen in ihrem eigenem Rhythmus &#8211; stark, ausgelichen, mit der Natur im Einklang. Dieses Tempo ist unser Haltung. Und genau dieses Tempo macht den Unterschied im Geschmack. Herkunft &amp; Blutlinie Unsere Angus-Herde entspringt einer erlesenen Selektion der besten Blutlinien weltweit: amerikanisch, englisch und deutsch. Gef\u00fchrt als Traditionsreicher Zuchtbetrieb mit einem ausgew\u00e4hlten Stier und handverlesenen K\u00fchen, entsteht so eine Linie, die St\u00e4rke, Charakter und Qualit\u00e4t \u00fcber Generationen hinweg weitertr\u00e4gt.\u00a0Exklusivit\u00e4t, die verbindet Unsere Angus-Rinder sind nicht nur Teil unseres Weiden, sondern auch Teil unserer Gemeinschaft. Wir bieten sowohl lebende Tiere als auch Fleisch aus eigener Haltung an &#8211; stets in limitierter Anzahl, stets auf Anfrage. Individuell, abgestimmt, respektvoll verarbeitet, aus hofeigener Aufzucht. Bio-Futter Aus eigener Hand, naturrein und nachhaltig \u00a0\u2600\ufe0fFreilandhaltung Weite Fl\u00e4chen, Respekt vor dem Tier.\u00a0Fein marmoriert Fleisch mit Kraft, Seele und Tiefe.Herkunft, [&hellip;]<\/p>","protected":false},"author":1,"featured_media":0,"parent":0,"menu_order":0,"comment_status":"closed","ping_status":"closed","template":"","meta":{"_et_pb_use_builder":"on","_et_pb_old_content":"","_et_gb_content_width":"","footnotes":""},"class_list":["post-2540","page","type-page","status-publish","hentry"],"_links":{"self":[{"href":"https:\/\/muhribiohof.com\/hu\/wp-json\/wp\/v2\/pages\/2540","targetHints":{"allow":["GET"]}}],"collection":[{"href":"https:\/\/muhribiohof.com\/hu\/wp-json\/wp\/v2\/pages"}],"about":[{"href":"https:\/\/muhribiohof.com\/hu\/wp-json\/wp\/v2\/types\/page"}],"author":[{"embeddable":true,"href":"https:\/\/muhribiohof.com\/hu\/wp-json\/wp\/v2\/users\/1"}],"replies":[{"embeddable":true,"href":"https:\/\/muhribiohof.com\/hu\/wp-json\/wp\/v2\/comments?post=2540"}],"version-history":[{"count":57,"href":"https:\/\/muhribiohof.com\/hu\/wp-json\/wp\/v2\/pages\/2540\/revisions"}],"predecessor-version":[{"id":3653,"href":"https:\/\/muhribiohof.com\/hu\/wp-json\/wp\/v2\/pages\/2540\/revisions\/3653"}],"wp:attachment":[{"href":"https:\/\/muhribiohof.com\/hu\/wp-json\/wp\/v2\/media?parent=2540"}],"curies":[{"name":"wp","href":"https:\/\/api.w.org\/{rel}","templated":true}]}}