{"id":199,"date":"2024-06-15T13:49:33","date_gmt":"2024-06-15T11:49:33","guid":{"rendered":"https:\/\/muhribiohof.com\/?page_id=199"},"modified":"2026-01-08T15:35:51","modified_gmt":"2026-01-08T14:35:51","slug":"schwab-active-space","status":"publish","type":"page","link":"https:\/\/muhribiohof.com\/hu\/schwab-active-space\/","title":{"rendered":"Schwab Active Space"},"content":{"rendered":"<p>[et_pb_section fb_built=&#8220;1&#8243; _builder_version=&#8220;4.27.5&#8243; _module_preset=&#8220;default&#8220; hover_enabled=&#8220;0&#8243; locked=&#8220;off&#8220; global_colors_info=&#8220;{}&#8220; sticky_enabled=&#8220;0&#8243;][et_pb_row make_equal=&#8220;on&#8220; _builder_version=&#8220;4.27.5&#8243; _module_preset=&#8220;default&#8220; background_image=&#8220;http:\/\/muhribiohof.com\/wp-content\/uploads\/2025\/04\/229ef7_a18ca33fd5cf426fa79c335fc539263bmv2.jpg&#8220; background_blend=&#8220;difference&#8220; width=&#8220;100%&#8220; max_width=&#8220;100%&#8220; custom_margin=&#8220;-140px|auto||auto||&#8220; hover_enabled=&#8220;0&#8243; global_colors_info=&#8220;{}&#8220; admin_label=&#8220;Sor&#8220; background_last_edited=&#8220;on|phone&#8220; sticky_enabled=&#8220;0&#8243; background_size_phone=&#8220;contain&#8220; custom_margin_last_edited=&#8220;on|phone&#8220; custom_margin_phone=&#8220;-275px|auto||auto|false|false&#8220; custom_margin_tablet=&#8220;-140px|auto||auto||&#8220;][et_pb_column type=&#8220;4_4&#8243; _builder_version=&#8220;4.27.5&#8243; _module_preset=&#8220;default&#8220; hover_enabled=&#8220;0&#8243; global_colors_info=&#8220;{}&#8220; sticky_enabled=&#8220;0&#8243;][et_pb_text _builder_version=&#8220;4.25.2&#8243; _module_preset=&#8220;default&#8220; custom_margin=&#8220;40px|||||&#8220; global_colors_info=&#8220;{}&#8220;][\/et_pb_text][et_pb_text _builder_version=&#8220;4.27.5&#8243; _module_preset=&#8220;default&#8220; text_text_color=&#8220;#c76a4c&#8220; text_font_size=&#8220;23px&#8220; header_text_color=&#8220;#000000&#8243; header_3_text_color=&#8220;#c76a4c&#8220; header_4_text_color=&#8220;#c76a4c&#8220; background_color=&#8220;rgba(214,214,214,0.79)&#8220; use_background_color_gradient=&#8220;on&#8220; background_color_gradient_stops=&#8220;rgba(214,214,214,0.39) 0%|rgba(255,255,255,0) 100%&#8220; text_orientation=&#8220;center&#8220; width=&#8220;40%&#8220; max_width=&#8220;93%&#8220; module_alignment=&#8220;center&#8220; custom_margin=&#8220;194px||44px||false|false&#8220; custom_padding=&#8220;5px|||0px|false|false&#8220; hover_enabled=&#8220;0&#8243; border_radii=&#8220;on|8px|8px|8px|8px&#8220; locked=&#8220;off&#8220; inline_fonts=&#8220;Playfair Display&#8220; global_colors_info=&#8220;{}&#8220; width_last_edited=&#8220;on|phone&#8220; sticky_enabled=&#8220;0&#8243; width_phone=&#8220;88%&#8220; custom_margin_last_edited=&#8220;on|phone&#8220; custom_margin_phone=&#8220;475px||||false|false&#8220; width_tablet=&#8220;40%&#8220; custom_margin_tablet=&#8220;194px||44px||false|false&#8220;]<\/p>\n<h3><span style=\"font-family: 'Playfair Display'; font-weight: normal; font-size: xx-large;\"><strong>Schwab Active Space<\/strong><\/span><\/h3>\n<h4 style=\"text-align: center;\"><span style=\"font-family: Lora; font-weight: normal;\">Mozg\u00e1s. Egyens\u00faly. Energia.<\/span><\/h4>\n<h4 style=\"text-align: center;\"><strong><span style=\"font-family: 'Playfair Display SC';\"><\/span><\/strong><\/h4>\n<p><strong><span style=\"font-family: 'Playfair Display SC';\"><\/span><\/strong><\/p>\n<p>[\/et_pb_text][et_pb_button button_url=&#8220;https:\/\/vimeo.com\/schwabactivespace?fl=pp&#038;fe=sh&#8220; button_text=&#8220;mehr erfahren&#8220; button_alignment=&#8220;center&#8220; _builder_version=&#8220;4.27.5&#8243; _module_preset=&#8220;default&#8220; custom_button=&#8220;on&#8220; button_text_color=&#8220;#c76a4c&#8220; custom_margin=&#8220;||||false|false&#8220; custom_padding=&#8220;||5px|||&#8220; global_colors_info=&#8220;{}&#8220;][\/et_pb_button][\/et_pb_column][\/et_pb_row][\/et_pb_section][et_pb_section fb_built=&#8220;1&#8243; _builder_version=&#8220;4.25.2&#8243; _module_preset=&#8220;default&#8220; custom_padding=&#8220;0px|||||&#8220; global_colors_info=&#8220;{}&#8220;][et_pb_row column_structure=&#8220;3_5,2_5&#8243; _builder_version=&#8220;4.25.2&#8243; _module_preset=&#8220;default&#8220; custom_padding=&#8220;||0px|||&#8220; global_colors_info=&#8220;{}&#8220;][et_pb_column type=&#8220;3_5&#8243; _builder_version=&#8220;4.25.2&#8243; _module_preset=&#8220;default&#8220; global_colors_info=&#8220;{}&#8220;][et_pb_text _builder_version=&#8220;4.27.5&#8243; _module_preset=&#8220;default&#8220; text_text_color=&#8220;#c76a4c&#8220; header_2_text_color=&#8220;#c76a4c&#8220; header_2_font_size=&#8220;56px&#8220; custom_margin=&#8220;||-20px|||&#8220; hover_enabled=&#8220;0&#8243; inline_fonts=&#8220;Lora&#8220; global_colors_info=&#8220;{}&#8220; custom_margin_last_edited=&#8220;on|phone&#8220; sticky_enabled=&#8220;0&#8243; custom_margin_phone=&#8220;-75px||||false|false&#8220; custom_margin_tablet=&#8220;||-20px|||&#8220;]<\/p>\n<h2 style=\"text-align: right;\">\u00a0A test \u00e9s a l\u00e9lek ter\u00fclete<\/h2>\n<h2 style=\"text-align: center;\"><\/h2>\n<p style=\"text-align: right;\"><span style=\"font-family: Lora;\">Tapasztalja meg az inspir\u00e1l\u00f3 mozg\u00e1st - szeretettel \u00f6ssze\u00e1ll\u00edtott vide\u00f3kkal \u00e9s vil\u00e1gos strukt\u00far\u00e1val.<\/span><\/p>\n<p style=\"text-align: right;\"><span style=\"font-family: Lora;\">Pole | Flex &amp; Stretch | Fitness | Chair Dance | Face Yoga | \u00c9letm\u00f3d \u00e9s t\u00e1pl\u00e1lkoz\u00e1s | \u00c9letm\u00f3d \u00e9s t\u00e1pl\u00e1lkoz\u00e1s\u00a0<\/span><\/p>\n<p style=\"text-align: right;\"><span style=\"font-family: Lora;\">B\u00e1rmikor, b\u00e1rhol Minden koroszt\u00e1ly \u00e9s edzetts\u00e9gi szint sz\u00e1m\u00e1ra.<\/span><\/p>\n<p style=\"text-align: right;\"><span style=\"font-family: Lora;\">Nyelv: magyar<\/span><\/p>\n<p><span style=\"font-family: Lora;\"><\/span><\/p>\n<p>[\/et_pb_text][\/et_pb_column][et_pb_column type=&#8220;2_5&#8243; _builder_version=&#8220;4.25.2&#8243; _module_preset=&#8220;default&#8220; global_colors_info=&#8220;{}&#8220;][et_pb_image src=&#8220;http:\/\/muhribiohof.com\/wp-content\/uploads\/2025\/12\/Kopie-von-Black-Grey-Minimalist-Aesthetic-Grid-Autumn-Photo-Collage_20251209_141145_0000.png&#8220; _builder_version=&#8220;4.27.5&#8243; _module_preset=&#8220;default&#8220; border_radii=&#8220;on|6px|6px|6px|6px&#8220; global_colors_info=&#8220;{}&#8220;][\/et_pb_image][\/et_pb_column][\/et_pb_row][\/et_pb_section][et_pb_section fb_built=&#8220;1&#8243; _builder_version=&#8220;4.25.2&#8243; _module_preset=&#8220;default&#8220; custom_padding=&#8220;0px|||||&#8220; global_colors_info=&#8220;{}&#8220;][et_pb_row column_structure=&#8220;2_5,3_5&#8243; _builder_version=&#8220;4.27.5&#8243; _module_preset=&#8220;default&#8220; background_color=&#8220;rgba(224,183,181,0.58)&#8220; width=&#8220;100%&#8220; max_width=&#8220;100%&#8220; custom_padding=&#8220;||0px|||&#8220; hover_enabled=&#8220;0&#8243; global_colors_info=&#8220;{}&#8220; sticky_enabled=&#8220;0&#8243; custom_margin_last_edited=&#8220;on|desktop&#8220; max_height_last_edited=&#8220;on|phone&#8220; max_height_phone=&#8220;1000px&#8220;][et_pb_column type=&#8220;2_5&#8243; _builder_version=&#8220;4.27.5&#8243; _module_preset=&#8220;default&#8220; hover_enabled=&#8220;0&#8243; global_colors_info=&#8220;{}&#8220; background_image=&#8220;http:\/\/muhribiohof.com\/wp-content\/uploads\/2025\/10\/lv_0_20251014054211-scaled-e1767002887120.jpg&#8220; sticky_enabled=&#8220;0&#8243;][et_pb_image src=&#8220;http:\/\/muhribiohof.com\/wp-content\/uploads\/2025\/10\/lv_0_20251014054211-scaled.jpg&#8220; _builder_version=&#8220;4.27.5&#8243; _module_preset=&#8220;default&#8220; custom_margin=&#8220;-27px|||||&#8220; hover_enabled=&#8220;0&#8243; global_colors_info=&#8220;{}&#8220; min_height_last_edited=&#8220;on|phone&#8220; sticky_enabled=&#8220;0&#8243; min_height_phone=&#8220;320%&#8220; height=&#8220;343%&#8220; max_height=&#8220;407%&#8220; align_last_edited=&#8220;on|phone&#8220; align_phone=&#8220;center&#8220;][\/et_pb_image][\/et_pb_column][et_pb_column type=&#8220;3_5&#8243; _builder_version=&#8220;4.27.5&#8243; _module_preset=&#8220;default&#8220; hover_enabled=&#8220;0&#8243; global_colors_info=&#8220;{}&#8220; custom_padding_last_edited=&#8220;on|phone&#8220; sticky_enabled=&#8220;0&#8243; custom_padding_phone=&#8220;0px||15px|15px|false|false&#8220;][et_pb_text _builder_version=&#8220;4.27.5&#8243; _module_preset=&#8220;default&#8220; text_text_color=&#8220;#c76a4c&#8220; header_2_text_color=&#8220;#c76a4c&#8220; custom_padding=&#8220;53px|||||&#8220; hover_enabled=&#8220;0&#8243; inline_fonts=&#8220;Lora&#8220; global_colors_info=&#8220;{}&#8220; sticky_enabled=&#8220;0&#8243; custom_margin_last_edited=&#8220;on|phone&#8220; custom_margin_phone=&#8220;-50px||||false|false&#8220;]<\/p>\n<h2 style=\"text-align: left;\">\u00a0Az \u00d6n el\u0151nyei egy pillant\u00e1sra<\/h2>\n<h2 style=\"text-align: center;\"><\/h2>\n<p><img decoding=\"async\" data-emoji=\"\u2714\" class=\"an1\" alt=\"\u2714\" aria-label=\"\u2714\" draggable=\"false\" src=\"https:\/\/fonts.gstatic.com\/s\/e\/notoemoji\/16.0\/2714\/72.png\" loading=\"lazy\" width=\"25\" height=\"25\" \/><span> <span style=\"font-family: Lora; font-weight: normal;\"><strong>A n\u0151iess\u00e9g sokoldal\u00fas\u00e1ga<\/strong> - 13 exkluz\u00edv t\u00e9mavil\u00e1g - a gyeng\u00e9d ny\u00fajt\u00e1st\u00f3l az er\u0151teljes edz\u00e9sekig.<\/span><\/span><\/p>\n<div dir=\"auto\"><img decoding=\"async\" data-emoji=\"\u2714\" class=\"an1\" alt=\"\u2714\" aria-label=\"\u2714\" draggable=\"false\" src=\"https:\/\/fonts.gstatic.com\/s\/e\/notoemoji\/16.0\/2714\/72.png\" loading=\"lazy\" width=\"24\" height=\"24\" \/><span style=\"font-family: Lora; font-weight: normal;\"><strong> K\u00fcl\u00f6nb\u00f6z\u0151 tartalmak<\/strong> - Magyar\u00e1z\u00f3 vide\u00f3k technikai tippekkel, k\u00eds\u00e9r\u0151 edz\u0151i tan\u00e1csokkal \u00e9s interakt\u00edv zenei egys\u00e9gekkel.<\/span><\/div>\n<div dir=\"auto\"><img decoding=\"async\" data-emoji=\"\u2714\" class=\"an1\" alt=\"\u2714\" aria-label=\"\u2714\" draggable=\"false\" src=\"https:\/\/fonts.gstatic.com\/s\/e\/notoemoji\/16.0\/2714\/72.png\" loading=\"lazy\" width=\"25\" height=\"25\" \/><span style=\"font-family: Lora; font-weight: normal;\"><strong> Egyszer\u0171 \u00e9s szabadon hozz\u00e1f\u00e9rhet\u0151<\/strong><strong> <\/strong>- el\u0151fizet\u00e9s n\u00e9lk\u00fcl, ind\u00edtsa el \u00e9s \u00e9lvezze regisztr\u00e1ci\u00f3 n\u00e9lk\u00fcl.<\/span><\/div>\n<p>[\/et_pb_text][et_pb_text _builder_version=&#8220;4.27.5&#8243; _module_preset=&#8220;default&#8220; header_2_text_color=&#8220;#c76a4c&#8220; header_4_text_color=&#8220;#c76a4c&#8220; inline_fonts=&#8220;Lora&#8220; global_colors_info=&#8220;{}&#8220;]<\/p>\n<h2 style=\"text-align: left;\">\u00a0Ahol az utaz\u00e1s kezd\u0151dik<\/h2>\n<h2 style=\"text-align: left;\"><\/h2>\n<h4 style=\"text-align: left;\"><span style=\"font-family: Lora;\">Tal\u00e1lj er\u0151t, kegyelmet \u00e9s inspir\u00e1ci\u00f3t - az ingyenes edz\u00e9svide\u00f3immal.\u00a0<\/span><\/h4>\n<p style=\"text-align: left;\"><span style=\"font-family: Lora;\"><\/span><\/p>\n<p>[\/et_pb_text][et_pb_button button_url=&#8220;https:\/\/vimeo.com\/schwabactivespace?fl=pp&#038;fe=sh&#8220; button_text=&#8220;Jetzt entdecken&#8220; _builder_version=&#8220;4.27.5&#8243; _module_preset=&#8220;default&#8220; custom_button=&#8220;on&#8220; button_text_color=&#8220;#c76a4c&#8220; button_font=&#8220;Lora||||||||&#8220; button_icon_placement=&#8220;left&#8220; custom_margin=&#8220;-28px|||||&#8220; global_colors_info=&#8220;{}&#8220;][\/et_pb_button][\/et_pb_column][\/et_pb_row][\/et_pb_section]<\/p>","protected":false},"excerpt":{"rendered":"<p>Schwab Active Space Bewegung. Balance. Energie. \u00a0Dein Bereich f\u00fcr K\u00f6rper &amp; Seele Erlebe Bewegung, die inspiriert &#8211; mit liebevoll kuratierten Videos und klarer Struktur. Pole | Flex &amp; Stretch | Fitness | Chair Dance | Gesichtsyoga | Lifestyle &amp; Ern\u00e4hrung\u00a0 Jederzeit, \u00fcberall F\u00fcr jedes Alter &amp; Trainingsniveau. Sprache: ungarisch \u00a0Deine Vorteile auf einen Blick Vielseitig der Weiblichkeit \u2013 13 exklusive Themenwelten &#8211; von sanfter Dehnung bis zu kraftvollen Trainingseinheiten. Vielf\u00e4ltige Inhalte &#8211; Erkl\u00e4rvideos mit Technik-Hinweisen, begleitende Coaching-Impluse und Mitmach-Einheiten mit Musik. Einfach &amp; frei zug\u00e4nglich \u2013 ohne Abo, ohne Anmeldung starten und genie\u00dfen.\u00a0Wo deine Reise beginnt Finde Kraft, Anmut und Inspiration &#8211; mit meinen kostenlosen Trainingsvideos.\u00a0<\/p>","protected":false},"author":1,"featured_media":0,"parent":0,"menu_order":0,"comment_status":"closed","ping_status":"closed","template":"","meta":{"_et_pb_use_builder":"on","_et_pb_old_content":"","_et_gb_content_width":"","footnotes":""},"class_list":["post-199","page","type-page","status-publish","hentry"],"_links":{"self":[{"href":"https:\/\/muhribiohof.com\/hu\/wp-json\/wp\/v2\/pages\/199","targetHints":{"allow":["GET"]}}],"collection":[{"href":"https:\/\/muhribiohof.com\/hu\/wp-json\/wp\/v2\/pages"}],"about":[{"href":"https:\/\/muhribiohof.com\/hu\/wp-json\/wp\/v2\/types\/page"}],"author":[{"embeddable":true,"href":"https:\/\/muhribiohof.com\/hu\/wp-json\/wp\/v2\/users\/1"}],"replies":[{"embeddable":true,"href":"https:\/\/muhribiohof.com\/hu\/wp-json\/wp\/v2\/comments?post=199"}],"version-history":[{"count":139,"href":"https:\/\/muhribiohof.com\/hu\/wp-json\/wp\/v2\/pages\/199\/revisions"}],"predecessor-version":[{"id":3607,"href":"https:\/\/muhribiohof.com\/hu\/wp-json\/wp\/v2\/pages\/199\/revisions\/3607"}],"wp:attachment":[{"href":"https:\/\/muhribiohof.com\/hu\/wp-json\/wp\/v2\/media?parent=199"}],"curies":[{"name":"wp","href":"https:\/\/api.w.org\/{rel}","templated":true}]}}