{"id":193,"date":"2024-06-15T13:39:37","date_gmt":"2024-06-15T11:39:37","guid":{"rendered":"https:\/\/muhribiohof.com\/?page_id=193"},"modified":"2026-04-11T15:26:26","modified_gmt":"2026-04-11T13:26:26","slug":"schwab-landstyle","status":"publish","type":"page","link":"https:\/\/muhribiohof.com\/hu\/schwab-landstyle\/","title":{"rendered":"Schwab LandStyle"},"content":{"rendered":"<p>[et_pb_section fb_built=&#8220;1&#8243; admin_label=&#8220;Szakasz&#8220; _builder_version=&#8220;4.27.5&#8243; _module_preset=&#8220;default&#8220; background_image=&#8220;http:\/\/muhribiohof.com\/wp-content\/uploads\/2025\/09\/1000087636.png&#8220; custom_margin=&#8220;||28px|||&#8220; custom_margin_tablet=&#8220;&#8220; custom_margin_phone=&#8220;-150px||||false|false&#8220; custom_margin_last_edited=&#8220;on|phone&#8220; custom_padding=&#8220;||57px|||&#8220; background_last_edited=&#8220;on|phone&#8220; background_size_phone=&#8220;contain&#8220; locked=&#8220;off&#8220; global_colors_info=&#8220;{}&#8220;][et_pb_row make_equal=&#8220;on&#8220; _builder_version=&#8220;4.25.2&#8243; _module_preset=&#8220;default&#8220; background_enable_image=&#8220;off&#8220; background_blend=&#8220;difference&#8220; width=&#8220;100%&#8220; max_width=&#8220;100%&#8220; min_height=&#8220;501px&#8220; height=&#8220;498px&#8220; max_height=&#8220;1000px&#8220; custom_margin=&#8220;-55px|auto||auto|false|false&#8220; global_colors_info=&#8220;{}&#8220;][et_pb_column type=&#8220;4_4&#8243; _builder_version=&#8220;4.25.2&#8243; _module_preset=&#8220;default&#8220; global_colors_info=&#8220;{}&#8220;][et_pb_text _builder_version=&#8220;4.27.5&#8243; _module_preset=&#8220;default&#8220; text_text_color=&#8220;#c76a4c&#8220; text_font_size=&#8220;23px&#8220; header_text_color=&#8220;#000000&#8243; header_3_text_color=&#8220;#c76a4c&#8220; background_color=&#8220;rgba(214,214,214,0.79)&#8220; use_background_color_gradient=&#8220;on&#8220; background_color_gradient_stops=&#8220;rgba(214,214,214,0.39) 0%|rgba(255,255,255,0) 100%&#8220; text_orientation=&#8220;center&#8220; width=&#8220;36%&#8220; width_tablet=&#8220;36%&#8220; width_phone=&#8220;94%&#8220; width_last_edited=&#8220;on|phone&#8220; max_width=&#8220;90%&#8220; module_alignment=&#8220;center&#8220; min_height=&#8220;95px&#8220; custom_margin=&#8220;309px||44px||false|false&#8220; custom_margin_tablet=&#8220;309px||44px||false|false&#8220; custom_margin_phone=&#8220;405px||0px||false|false&#8220; custom_margin_last_edited=&#8220;on|phone&#8220; custom_padding=&#8220;12px||0px|0px|false|false&#8220; border_radii=&#8220;on|8px|8px|8px|8px&#8220; inline_fonts=&#8220;Playfair Display&#8220; global_colors_info=&#8220;{}&#8220;]<\/p>\n<h3><span style=\"font-family: 'Playfair Display'; font-weight: normal; font-size: xx-large;\"><strong>Schwab LandStyle<\/strong><\/span><\/h3>\n<p>Egy k\u00e9zfog\u00e1s, amely vil\u00e1gokat k\u00f6t \u00f6ssze<\/p>\n<p><strong><span style=\"font-family: 'Playfair Display SC';\"><\/span><\/strong><\/p>\n<p>[\/et_pb_text][\/et_pb_column][\/et_pb_row][\/et_pb_section][et_pb_section fb_built=&#8220;1&#8243; _builder_version=&#8220;4.25.2&#8243; _module_preset=&#8220;default&#8220; global_colors_info=&#8220;{}&#8220;][et_pb_row _builder_version=&#8220;4.27.5&#8243; _module_preset=&#8220;default&#8220; background_color=&#8220;rgba(199,106,76,0.19)&#8220; width=&#8220;100%&#8220; max_width=&#8220;100%&#8220; custom_margin=&#8220;-86px|auto||auto||&#8220; custom_margin_tablet=&#8220;-86px|auto||auto||&#8220; custom_margin_phone=&#8220;-45px||||false|false&#8220; custom_margin_last_edited=&#8220;on|phone&#8220; custom_padding=&#8220;||2px|||&#8220; global_colors_info=&#8220;{}&#8220;][et_pb_column type=&#8220;4_4&#8243; _builder_version=&#8220;4.25.2&#8243; _module_preset=&#8220;default&#8220; global_colors_info=&#8220;{}&#8220;][et_pb_text _builder_version=&#8220;4.27.5&#8243; _module_preset=&#8220;default&#8220; header_font_size=&#8220;33px&#8220; header_2_text_color=&#8220;#c76a4c&#8220; header_2_font_size=&#8220;56px&#8220; min_height=&#8220;88px&#8220; custom_margin=&#8220;-16px|||||&#8220; custom_margin_tablet=&#8220;-16px|||||&#8220; custom_margin_phone=&#8220;-30px||||false|false&#8220; custom_margin_last_edited=&#8220;on|phone&#8220; custom_padding=&#8220;7px|||||&#8220; inline_fonts=&#8220;Playfair Display&#8220; global_colors_info=&#8220;{}&#8220;]<\/p>\n<h2 style=\"text-align: center;\"><span style=\"font-family: 'Playfair Display'; font-weight: normal;\">Er\u0151 a m\u00e1ss\u00e1gban<\/span><\/h2>\n<p>[\/et_pb_text][\/et_pb_column][\/et_pb_row][et_pb_row column_structure=&#8220;1_3,1_3,1_3&#8243; _builder_version=&#8220;4.25.2&#8243; _module_preset=&#8220;default&#8220; global_colors_info=&#8220;{}&#8220;][et_pb_column type=&#8220;1_3&#8243; _builder_version=&#8220;4.25.2&#8243; _module_preset=&#8220;default&#8220; global_colors_info=&#8220;{}&#8220;][et_pb_text _builder_version=&#8220;4.27.5&#8243; _module_preset=&#8220;default&#8220; text_text_color=&#8220;#c76a4c&#8220; header_4_text_color=&#8220;#c76a4c&#8220; custom_margin=&#8220;50px|||||&#8220; custom_margin_tablet=&#8220;50px|||||&#8220; custom_margin_phone=&#8220;0px||||false|false&#8220; custom_margin_last_edited=&#8220;on|phone&#8220; inline_fonts=&#8220;Lora&#8220; global_colors_info=&#8220;{}&#8220;]<\/p>\n<h4 style=\"text-align: right;\"><span style=\"font-family: Lora; font-weight: normal;\">A probl\u00e9ma<\/span><\/h4>\n<p style=\"text-align: right;\"><span style=\"font-family: Lora; font-weight: normal;\"><\/span><\/p>\n<p style=\"text-align: right;\"><span style=\"font-family: Lora; font-weight: normal;\">Egy elv\u00e1r\u00e1sokkal teli vil\u00e1g.<\/span><\/p>\n<p style=\"text-align: right;\"><span style=\"font-family: Lora; font-weight: normal;\">N\u0151k, akiket beskatuly\u00e1znak.<\/span><\/p>\n<p style=\"text-align: right;\"><span style=\"font-family: Lora; font-weight: normal;\">Munkaruh\u00e1zat, amely f\u00e9rfias \u00e9s szem\u00e9lytelen marad.<\/span><\/p>\n<p style=\"text-align: right;\"><span style=\"font-family: Lora; font-weight: normal;\">Mozg\u00e1s, amely a teljes\u00edtm\u00e9nyt m\u00e9ri - de nem \u00e9rinti a lelket.<\/span><\/p>\n<p>[\/et_pb_text][\/et_pb_column][et_pb_column type=&#8220;1_3&#8243; _builder_version=&#8220;4.25.2&#8243; _module_preset=&#8220;default&#8220; global_colors_info=&#8220;{}&#8220;][et_pb_image src=&#8220;http:\/\/muhribiohof.com\/wp-content\/uploads\/2025\/12\/20251208_135718-scaled-e1766050137389.jpg&#8220; title_text=&#8220;23&#8243; _builder_version=&#8220;4.27.5&#8243; _module_preset=&#8220;default&#8220; border_radii=&#8220;on|6px|6px|6px|6px&#8220; global_colors_info=&#8220;{}&#8220;][\/et_pb_image][\/et_pb_column][et_pb_column type=&#8220;1_3&#8243; _builder_version=&#8220;4.25.2&#8243; _module_preset=&#8220;default&#8220; global_colors_info=&#8220;{}&#8220;][et_pb_text _builder_version=&#8220;4.27.5&#8243; _module_preset=&#8220;default&#8220; text_text_color=&#8220;#c76a4c&#8220; header_4_text_color=&#8220;#c76a4c&#8220; custom_margin=&#8220;50px|||||&#8220; custom_margin_tablet=&#8220;50px|||||&#8220; custom_margin_phone=&#8220;0px||-25px||false|false&#8220; custom_margin_last_edited=&#8220;on|phone&#8220; inline_fonts=&#8220;Lora&#8220; global_colors_info=&#8220;{}&#8220;]<\/p>\n<h4><span style=\"font-family: 'Playfair Display'; font-weight: normal;\">A mi v\u00e1laszunk.<\/span><\/h4>\n<p><span style=\"font-family: 'Playfair Display'; font-weight: normal;\"><\/span><\/p>\n<p><span style=\"font-family: Lora;\">Egy gazdas\u00e1g, amely \u00e9rt\u00e9keket k\u00e9pvisel.<\/span><\/p>\n<p><span style=\"font-family: Lora;\">A mez\u0151gazdas\u00e1got \u00e9s a n\u0151iess\u00e9get \u00f6tv\u00f6z\u0151 \u00e9letm\u00f3d.<\/span><\/p>\n<p><span style=\"font-family: Lora;\">A funkci\u00f3t \u00e9s a n\u0151i er\u0151t \u00f6tv\u00f6z\u0151 munkaruh\u00e1zat.<\/span><\/p>\n<p><span style=\"font-family: Lora;\">Mozg\u00e1s, amely kifejez\u00e9st \u00e9s szabads\u00e1got ad.<\/span><\/p>\n<p>[\/et_pb_text][\/et_pb_column][\/et_pb_row][\/et_pb_section][et_pb_section fb_built=&#8220;1&#8243; _builder_version=&#8220;4.27.5&#8243; _module_preset=&#8220;default&#8220; background_color=&#8220;rgba(199,106,76,0.19)&#8220; custom_padding=&#8220;39px||3px|||&#8220; global_colors_info=&#8220;{}&#8220;][et_pb_row _builder_version=&#8220;4.25.2&#8243; _module_preset=&#8220;default&#8220; custom_padding=&#8220;0px|||||&#8220; global_colors_info=&#8220;{}&#8220;][et_pb_column type=&#8220;4_4&#8243; _builder_version=&#8220;4.25.2&#8243; _module_preset=&#8220;default&#8220; global_colors_info=&#8220;{}&#8220;][et_pb_text _builder_version=&#8220;4.27.5&#8243; _module_preset=&#8220;default&#8220; header_2_text_color=&#8220;#c76a4c&#8220; header_2_font_size=&#8220;56px&#8220; inline_fonts=&#8220;Playfair Display&#8220; global_colors_info=&#8220;{}&#8220;]<\/p>\n<h2 style=\"text-align: center;\"><span style=\"font-family: 'Playfair Display'; font-weight: normal;\">T\u00f6bb mint egy dimenzi\u00f3<\/span><\/h2>\n<p>[\/et_pb_text][\/et_pb_column][\/et_pb_row][et_pb_row column_structure=&#8220;1_3,1_3,1_3&#8243; _builder_version=&#8220;4.25.2&#8243; _module_preset=&#8220;default&#8220; custom_padding=&#8220;||27px|||&#8220; global_colors_info=&#8220;{}&#8220;][et_pb_column type=&#8220;1_3&#8243; _builder_version=&#8220;4.25.2&#8243; _module_preset=&#8220;default&#8220; global_colors_info=&#8220;{}&#8220;][et_pb_text _builder_version=&#8220;4.27.5&#8243; _module_preset=&#8220;default&#8220; text_text_color=&#8220;#c76a4c&#8220; header_4_text_color=&#8220;#c76a4c&#8220; inline_fonts=&#8220;Lora&#8220; global_colors_info=&#8220;{}&#8220;]<\/p>\n<h4><span style=\"font-family: Lora; font-weight: normal;\">Munka \u00e9s \u00e9rt\u00e9kek<\/span><\/h4>\n<p><em>A terepi funkci\u00f3 tal\u00e1lkozik a forma\u00e9rz\u00e9kkel.<\/em><\/p>\n<p><em><\/em><\/p>\n<p><span style=\"font-family: Lora;\">A mez\u0151gazdas\u00e1g \u00e9s a n\u0151iess\u00e9g nem z\u00e1rja ki egym\u00e1st.<\/span><\/p>\n<p><span style=\"font-family: Lora;\">A n\u0151k is lehetnek sz\u00e9pek, b\u00fcszk\u00e9k \u00e9s er\u0151sek gumicsizm\u00e1ban \u00e9s farmerdzsekiben.<\/span><\/p>\n<p><span style=\"font-family: Lora;\">Nyilatkozat az el\u0151\u00edt\u00e9letek ellen - \u00e9s a hiteless\u00e9g mellett.<\/span><\/p>\n<p>[\/et_pb_text][\/et_pb_column][et_pb_column type=&#8220;1_3&#8243; _builder_version=&#8220;4.25.2&#8243; _module_preset=&#8220;default&#8220; global_colors_info=&#8220;{}&#8220;][et_pb_text _builder_version=&#8220;4.27.5&#8243; _module_preset=&#8220;default&#8220; text_text_color=&#8220;#c76a4c&#8220; header_4_text_color=&#8220;#c76a4c&#8220; custom_margin=&#8220;||20px|||&#8220; inline_fonts=&#8220;Lora&#8220; global_colors_info=&#8220;{}&#8220;]<\/p>\n<h4><span style=\"font-family: Lora; font-weight: normal;\">Akt\u00edv szellem\u00a0<\/span><\/h4>\n<p><em>A mozg\u00e1s tal\u00e1lkozik a kifejez\u00e9ssel.<\/em><\/p>\n<p><em><\/em><\/p>\n<p><span style=\"font-family: Lora;\">Fitness, stretching, pole - ez nem csak az edz\u00e9sr\u0151l sz\u00f3l.<\/span><\/p>\n<p><span style=\"font-family: Lora;\">A j\u00f3 k\u00f6z\u00e9rzetr\u0151l, az \u00f6nbizalomr\u00f3l \u00e9s a bels\u0151 er\u0151r\u0151l sz\u00f3l.<\/span><\/p>\n<p><span style=\"font-family: Lora;\">Olyan n\u0151knek, akik szeretn\u00e9k \u00fajra felfedezni erej\u00fcket.<\/span><\/p>\n<p>&nbsp;<\/p>\n<p>[\/et_pb_text][et_pb_button button_url=&#8220;https:\/\/muhribiohof.com\/schwab-active-space\/&#8220; button_text=&#8220;Online Training entdecken&#8220; button_alignment=&#8220;center&#8220; _builder_version=&#8220;4.27.5&#8243; _module_preset=&#8220;default&#8220; custom_button=&#8220;on&#8220; button_text_size=&#8220;16px&#8220; button_text_color=&#8220;#c76a4c&#8220; button_border_width=&#8220;1px&#8220; button_font=&#8220;Lora||||||||&#8220; custom_margin=&#8220;-36px|||||&#8220; custom_margin_tablet=&#8220;&#8220; custom_margin_phone=&#8220;-47px||||false|false&#8220; custom_margin_last_edited=&#8220;on|phone&#8220; global_colors_info=&#8220;{}&#8220;][\/et_pb_button][\/et_pb_column][et_pb_column type=&#8220;1_3&#8243; _builder_version=&#8220;4.25.2&#8243; _module_preset=&#8220;default&#8220; global_colors_info=&#8220;{}&#8220;][et_pb_text _builder_version=&#8220;4.27.5&#8243; _module_preset=&#8220;default&#8220; text_text_color=&#8220;#c76a4c&#8220; header_4_text_color=&#8220;#c76a4c&#8220; inline_fonts=&#8220;Lora&#8220; global_colors_info=&#8220;{}&#8220;]<\/p>\n<h4><span style=\"font-family: Lora; font-weight: normal;\">T\u00f6rt\u00e9netek \u00e9s inspir\u00e1ci\u00f3<\/span><\/h4>\n<p><em>Hiteless\u00e9g, ami megmozgat.<\/em><\/p>\n<p><em><\/em><\/p>\n<p><span style=\"font-family: Lora; font-weight: normal;\">\u00c1talakul\u00e1s, \u00e9rzelem, b\u00e1tors\u00e1g<\/span><\/p>\n<p><span style=\"font-family: Lora; font-weight: normal;\">-T\u00f6rt\u00e9netek, amelyek arra b\u00e1tor\u00edtj\u00e1k a n\u0151ket, hogy meg\u00e9lj\u00e9k a saj\u00e1t igazs\u00e1gukat.<\/span><\/p>\n<p><span style=\"font-family: Lora; font-weight: normal;\">Mutat\u00f3s pillanatok: A m\u00e1ss\u00e1g nem gyenges\u00e9g, hanem er\u0151ss\u00e9g.<\/span><\/p>\n<p><em><\/em><\/p>\n<p>&nbsp;<\/p>\n<p>[\/et_pb_text][\/et_pb_column][\/et_pb_row][\/et_pb_section][et_pb_section fb_built=&#8220;1&#8243; _builder_version=&#8220;4.25.2&#8243; _module_preset=&#8220;default&#8220; custom_margin=&#8220;11px|||||&#8220; global_colors_info=&#8220;{}&#8220;][et_pb_row column_structure=&#8220;3_5,2_5&#8243; _builder_version=&#8220;4.25.2&#8243; _module_preset=&#8220;default&#8220; global_colors_info=&#8220;{}&#8220;][et_pb_column type=&#8220;3_5&#8243; _builder_version=&#8220;4.25.2&#8243; _module_preset=&#8220;default&#8220; global_colors_info=&#8220;{}&#8220;][et_pb_text _builder_version=&#8220;4.27.5&#8243; _module_preset=&#8220;default&#8220; text_text_color=&#8220;#c76a4c&#8220; header_2_text_color=&#8220;#c76a4c&#8220; header_2_font_size=&#8220;56px&#8220; custom_margin=&#8220;56px|||||&#8220; custom_margin_tablet=&#8220;&#8220; custom_margin_phone=&#8220;-50px||||false|false&#8220; custom_margin_last_edited=&#8220;on|phone&#8220; custom_padding=&#8220;||||false|false&#8220; inline_fonts=&#8220;Playfair Display,Lora&#8220; global_colors_info=&#8220;{}&#8220;]<\/p>\n<h2 style=\"text-align: center;\"><span style=\"font-family: 'Playfair Display'; font-weight: normal;\">Egy nyilatkozat<\/span><\/h2>\n<p><span style=\"font-family: 'Playfair Display'; font-weight: normal;\"><\/span><\/p>\n<p style=\"text-align: center;\"><span style=\"font-family: Lora; font-weight: normal;\">Szak\u00edtunk az el\u0151\u00edt\u00e9letekkel, egyes\u00edtj\u00fck a szerepeket, \u00fajj\u00e1\u00e9lesztj\u00fck az er\u0151t.<\/span><\/p>\n<p style=\"text-align: center;\"><span style=\"font-family: Lora; font-weight: normal;\">Schwab LandStyle nem csak mozg\u00e1s, nem csak munka, nem csak st\u00edlus <\/span><span style=\"font-family: Lora; font-weight: normal;\">- Ez egy vallom\u00e1s.<\/span><\/p>\n<p>[\/et_pb_text][\/et_pb_column][et_pb_column type=&#8220;2_5&#8243; _builder_version=&#8220;4.25.2&#8243; _module_preset=&#8220;default&#8220; global_colors_info=&#8220;{}&#8220;][et_pb_image src=&#8220;http:\/\/muhribiohof.com\/wp-content\/uploads\/2025\/10\/IMG_2255-scaled-e1766051419393.jpg&#8220; title_text=&#8220;24&#8243; _builder_version=&#8220;4.27.5&#8243; _module_preset=&#8220;default&#8220; global_colors_info=&#8220;{}&#8220;][\/et_pb_image][\/et_pb_column][\/et_pb_row][\/et_pb_section][et_pb_section fb_built=&#8220;1&#8243; _builder_version=&#8220;4.25.2&#8243; _module_preset=&#8220;default&#8220; custom_padding=&#8220;20px|||||&#8220; global_colors_info=&#8220;{}&#8220;][et_pb_row _builder_version=&#8220;4.27.5&#8243; _module_preset=&#8220;default&#8220; background_color=&#8220;rgba(199,106,76,0.19)&#8220; width=&#8220;100%&#8220; max_width=&#8220;100%&#8220; custom_padding=&#8220;13px|||||&#8220; global_colors_info=&#8220;{}&#8220;][et_pb_column type=&#8220;4_4&#8243; _builder_version=&#8220;4.25.2&#8243; _module_preset=&#8220;default&#8220; global_colors_info=&#8220;{}&#8220;][et_pb_text _builder_version=&#8220;4.27.5&#8243; _module_preset=&#8220;default&#8220; text_text_color=&#8220;#c76a4c&#8220; text_font_size=&#8220;20px&#8220; header_2_text_color=&#8220;#c76a4c&#8220; header_2_font_size=&#8220;56px&#8220; custom_margin=&#8220;||-18px|||&#8220; custom_margin_tablet=&#8220;||-18px|||&#8220; custom_margin_phone=&#8220;-25px||||false|false&#8220; custom_margin_last_edited=&#8220;on|phone&#8220; custom_padding=&#8220;39px||0px|||&#8220; header_2_font_size_tablet=&#8220;56px&#8220; header_2_font_size_phone=&#8220;50px&#8220; header_2_font_size_last_edited=&#8220;on|phone&#8220; inline_fonts=&#8220;Playfair Display,Lora&#8220; global_colors_info=&#8220;{}&#8220;]<\/p>\n<h2 style=\"text-align: center;\"><span style=\"font-family: 'Playfair Display'; font-weight: normal;\">Specialit\u00e1saink<\/span><\/h2>\n<p><span style=\"font-family: 'Playfair Display'; font-weight: normal;\"><\/span><\/p>\n<p style=\"text-align: center;\"><span style=\"font-family: Lora; font-weight: normal;\">Amikor a mindennapi \u00e9let sz\u00ednpadd\u00e1 v\u00e1lik, \u00e9s a mozg\u00e1s k\u00e9zjegy\u00e9v\u00e9 v\u00e1lik<\/span><\/p>\n<div dir=\"auto\" style=\"text-align: center;\"><\/div>\n<p><span style=\"font-family: Lora; font-weight: normal;\"><\/span><\/p>\n<p><span style=\"font-family: 'Playfair Display'; font-weight: normal;\"><\/span><\/p>\n<p>[\/et_pb_text][\/et_pb_column][\/et_pb_row][et_pb_row column_structure=&#8220;1_2,1_2&#8243; _builder_version=&#8220;4.27.5&#8243; _module_preset=&#8220;default&#8220; global_colors_info=&#8220;{}&#8220;][et_pb_column type=&#8220;1_2&#8243; _builder_version=&#8220;4.25.2&#8243; _module_preset=&#8220;default&#8220; global_colors_info=&#8220;{}&#8220;][et_pb_text _builder_version=&#8220;4.27.5&#8243; _module_preset=&#8220;default&#8220; text_text_color=&#8220;#c76a4c&#8220; header_4_text_color=&#8220;#c76a4c&#8220; header_4_font_size=&#8220;20px&#8220; custom_padding=&#8220;||15px|||&#8220; inline_fonts=&#8220;Lora&#8220; global_colors_info=&#8220;{}&#8220;]<\/p>\n<h4><span>\u00a0\ud83d\udc57Schwab Design<\/span><\/h4>\n<p><span><span style=\"font-family: Lora; font-weight: normal;\"><\/span><\/span><\/p>\n<p><span><span style=\"font-family: Lora; font-weight: normal;\"><\/span><\/span><\/p>\n<div dir=\"auto\"><span style=\"font-family: Lora; font-weight: normal;\"><\/span><\/div>\n<div dir=\"auto\"><span style=\"font-family: Lora; font-weight: normal;\"><\/span><\/div>\n<div dir=\"auto\"><span style=\"font-family: Lora; font-weight: normal;\"><\/span><\/div>\n<div dir=\"auto\"><span style=\"font-family: Lora; font-weight: normal;\">Ruh\u00e1k, amelyek a farmon t\u00f6lt\u00f6tt mindennapjaim eredm\u00e9nyei - \u00e1ltalam munk\u00e1ra, edz\u00e9sre \u00e9s szabad mozg\u00e1sra tervezve. <\/span><\/div>\n<div dir=\"auto\"><span style=\"font-family: Lora; font-weight: normal;\">Funkcion\u00e1lis, n\u0151ies \u00e9s hiteles: egy \u00faj st\u00edlus, amely t\u00f6k\u00e9letesen illeszkedik az \u00e9let\u00fcnkh\u00f6z.<\/span><\/div>\n<div dir=\"auto\"><span style=\"font-family: Lora; font-weight: normal;\"><\/span><\/div>\n<div dir=\"auto\"><span style=\"font-family: Lora; font-weight: normal;\"><\/span><\/div>\n<p>[\/et_pb_text][et_pb_image src=&#8220;http:\/\/muhribiohof.com\/wp-content\/uploads\/2025\/12\/1000105200.png&#8220; title_text=&#8220;1000105200&#8243; _builder_version=&#8220;4.27.5&#8243; _module_preset=&#8220;default&#8220; border_radii=&#8220;on|6px|6px|6px|6px&#8220; global_colors_info=&#8220;{}&#8220;][\/et_pb_image][et_pb_image src=&#8220;http:\/\/muhribiohof.com\/wp-content\/uploads\/2025\/12\/1000105198.png&#8220; title_text=&#8220;1000105198&#8243; _builder_version=&#8220;4.27.5&#8243; _module_preset=&#8220;default&#8220; border_radii=&#8220;on|6px|6px|6px|6px&#8220; global_colors_info=&#8220;{}&#8220;][\/et_pb_image][et_pb_image src=&#8220;http:\/\/muhribiohof.com\/wp-content\/uploads\/2025\/12\/1000105205.png&#8220; title_text=&#8220;1000105205&#8243; _builder_version=&#8220;4.27.5&#8243; _module_preset=&#8220;default&#8220; border_radii=&#8220;on|6px|6px|6px|6px&#8220; global_colors_info=&#8220;{}&#8220;][\/et_pb_image][\/et_pb_column][et_pb_column type=&#8220;1_2&#8243; _builder_version=&#8220;4.25.2&#8243; _module_preset=&#8220;default&#8220; global_colors_info=&#8220;{}&#8220;][et_pb_text _builder_version=&#8220;4.27.5&#8243; _module_preset=&#8220;default&#8220; text_text_color=&#8220;#c76a4c&#8220; header_4_text_color=&#8220;#c76a4c&#8220; header_4_font_size=&#8220;20px&#8220; inline_fonts=&#8220;Lora&#8220; global_colors_info=&#8220;{}&#8220;]<\/p>\n<h4 dir=\"auto\"><img decoding=\"async\" data-emoji=\"\ud83d\udc69\" class=\"an1\" alt=\"\ud83d\udc69\" aria-label=\"\ud83d\udc69\" draggable=\"false\" src=\"https:\/\/fonts.gstatic.com\/s\/e\/notoemoji\/16.0\/1f469\/72.png\" loading=\"lazy\" width=\"25\" height=\"25\" \/><span> Alpine Fitness<\/span><\/h4>\n<p><span style=\"font-family: Lora; font-weight: normal;\"><\/span><\/p>\n<p><span style=\"font-family: Lora; font-weight: normal;\"><\/span><\/p>\n<div dir=\"auto\"><span style=\"font-family: Lora; font-weight: normal;\">Krafttraining, TRX und Siloballen-Stretching &#8211; nicht im Studio, sondern mitten in den Bergen.<\/span><\/div>\n<div dir=\"auto\"><span style=\"font-family: Lora; font-weight: normal;\"><\/span><\/div>\n<div dir=\"auto\"><span style=\"font-family: Lora; font-weight: normal;\">Als Landwirtin verbinde ich meine nat\u00fcrliche Umgebung mit Bewegung &#8211; eine seltene Kombination, die K\u00f6rper, Geist und neu aufl\u00e4dt.<\/span><\/div>\n<div dir=\"auto\"><span style=\"font-family: Lora; font-weight: normal;\">Mehr Energie. Mehr Fokus. Mehr Gef\u00fchl.<\/span><\/div>\n<div dir=\"auto\"><span style=\"font-family: Lora; font-weight: normal;\"><\/span><\/div>\n<p>[\/et_pb_text][et_pb_image _builder_version=&#8220;4.27.5&#8243; _module_preset=&#8220;default&#8220; hover_enabled=&#8220;0&#8243; border_radii=&#8220;on|6px|6px|6px|6px&#8220; global_colors_info=&#8220;{}&#8220; src=&#8220;http:\/\/muhribiohof.com\/wp-content\/uploads\/2026\/04\/file_000000009850720a8257600338f9f97a.png&#8220; sticky_enabled=&#8220;0&#8243;][\/et_pb_image][et_pb_image _builder_version=&#8220;4.27.5&#8243; _module_preset=&#8220;default&#8220; hover_enabled=&#8220;0&#8243; border_radii=&#8220;on|6px|6px|6px|6px&#8220; global_colors_info=&#8220;{}&#8220; src=&#8220;http:\/\/muhribiohof.com\/wp-content\/uploads\/2026\/04\/file_00000000c8c4724684e77f68e6e1be05.png&#8220; sticky_enabled=&#8220;0&#8243;][\/et_pb_image][\/et_pb_column][\/et_pb_row][\/et_pb_section][et_pb_section fb_built=&#8220;1&#8243; _builder_version=&#8220;4.27.5&#8243; _module_preset=&#8220;default&#8220; background_color=&#8220;rgba(199,106,76,0.19)&#8220; global_colors_info=&#8220;{}&#8220;][et_pb_row _builder_version=&#8220;4.25.2&#8243; _module_preset=&#8220;default&#8220; global_colors_info=&#8220;{}&#8220;][et_pb_column type=&#8220;4_4&#8243; _builder_version=&#8220;4.25.2&#8243; _module_preset=&#8220;default&#8220; global_colors_info=&#8220;{}&#8220;][et_pb_text _builder_version=&#8220;4.27.5&#8243; _module_preset=&#8220;default&#8220; text_text_color=&#8220;#c76a4c&#8220; header_2_text_color=&#8220;#c76a4c&#8220; header_2_font_size=&#8220;56px&#8220; inline_fonts=&#8220;Playfair Display&#8220; global_colors_info=&#8220;{}&#8220;]<\/p>\n<h2 style=\"text-align: center;\"><span style=\"font-family: 'Playfair Display'; font-weight: normal;\">Csatlakozz a mozgalomhoz<\/span><\/h2>\n<p>&nbsp;<\/p>\n<p style=\"text-align: center;\"><span style=\"font-family: Lora; font-weight: normal;\">Schwab- A LandStyle inspir\u00e1l, provok\u00e1l, \u00f6sszek\u00f6t.<\/span><\/p>\n<p style=\"text-align: center;\"><span style=\"font-family: Lora; font-weight: normal;\">Egy\u00fcttm\u0171k\u00f6d\u00e9sek, m\u00e9dia \u00e9s partners\u00e9gek - besz\u00e9ljen vel\u00fcnk.<\/span><\/p>\n<p>[\/et_pb_text][et_pb_button button_url=&#8220;https:\/\/muhribiohof.com\/kontakt\/&#8220; button_text=&#8220;Kontakt aufnehmen&#8220; button_alignment=&#8220;center&#8220; _builder_version=&#8220;4.27.5&#8243; _module_preset=&#8220;default&#8220; custom_button=&#8220;on&#8220; button_text_size=&#8220;16px&#8220; button_text_color=&#8220;#c76a4c&#8220; button_border_width=&#8220;1px&#8220; button_font=&#8220;Lora||||||||&#8220; global_colors_info=&#8220;{}&#8220;][\/et_pb_button][\/et_pb_column][\/et_pb_row][\/et_pb_section]<\/p>","protected":false},"excerpt":{"rendered":"<p>Schwab LandStyle Ein Handschlag, der Welten verbindet St\u00e4rke im AndersseinDas Problem Eine Welt voller Erwartungen. Frauen, die in Schubladen gesteckt werden. Arbeitskleidung, die maskulin und unpers\u00f6nlich bleibt. Bewegung, die Leistung misst &#8211; aber nicht die Seele ber\u00fchrt.Unsere Antwort. Ein Hof, der Werte lebt. Ein Lebenstil, der Landwirtschaft und Weiblichkeit vereint. Arbeitskleidung, die Funktion und feminine St\u00e4rke verbindet. Bewegung, die Ausdruck und Freiheit schenkt.Mehr als eine DimensionWerk &amp; Werte Feld-Funktion trifft Formgef\u00fchl. Landwirtschaft und Weiblichkeit schlie\u00dfen sich nicht aus. Auch im Gummistiefel und im Farmer-Jacket darf Frau sch\u00f6n, stolz und strak sein. Ein Statement gegen Vorurteile &#8211; und f\u00fcr Authentizit\u00e4t.Active Spirit\u00a0 Bewegung trifft Ausdruck. Fitness, Stretching, Pole &#8211; hier geht es nicht nur um Training. Sondern um Wohlgef\u00fchl, Selbstbewusstsein und innere St\u00e4rke. F\u00fcr Frauen, die ihre Kraft neu entdecken wollen. &nbsp;Stories &amp; Inspiration Authentizit\u00e4t, die bewegt. Transformation, Emotion, Mut -Geschichten, die Frauen ermutigen, ihre eigene Wahrheit zu leben. Momente, die zeigen: Anderssein ist keine Schw\u00e4che, sondern St\u00e4rke. &nbsp;Ein Statement Wir brechen mit Vorurteilen, wir verbinden Rollen, wir leben St\u00e4rke neu. Schwab LandStyle ist nicht nur Bewegung, nicht nur Arbeit, nicht nur Stil &#8211; es ist ein Bekenntnis.Unsere Besonderheiten Wenn Alltag zur B\u00fchne wird und Bewegung zur Signatur \u00a0\ud83d\udc57Schwab Design Kleidung, die [&hellip;]<\/p>","protected":false},"author":1,"featured_media":0,"parent":0,"menu_order":0,"comment_status":"closed","ping_status":"closed","template":"","meta":{"_et_pb_use_builder":"on","_et_pb_old_content":"","_et_gb_content_width":"","footnotes":""},"class_list":["post-193","page","type-page","status-publish","hentry"],"_links":{"self":[{"href":"https:\/\/muhribiohof.com\/hu\/wp-json\/wp\/v2\/pages\/193","targetHints":{"allow":["GET"]}}],"collection":[{"href":"https:\/\/muhribiohof.com\/hu\/wp-json\/wp\/v2\/pages"}],"about":[{"href":"https:\/\/muhribiohof.com\/hu\/wp-json\/wp\/v2\/types\/page"}],"author":[{"embeddable":true,"href":"https:\/\/muhribiohof.com\/hu\/wp-json\/wp\/v2\/users\/1"}],"replies":[{"embeddable":true,"href":"https:\/\/muhribiohof.com\/hu\/wp-json\/wp\/v2\/comments?post=193"}],"version-history":[{"count":173,"href":"https:\/\/muhribiohof.com\/hu\/wp-json\/wp\/v2\/pages\/193\/revisions"}],"predecessor-version":[{"id":3718,"href":"https:\/\/muhribiohof.com\/hu\/wp-json\/wp\/v2\/pages\/193\/revisions\/3718"}],"wp:attachment":[{"href":"https:\/\/muhribiohof.com\/hu\/wp-json\/wp\/v2\/media?parent=193"}],"curies":[{"name":"wp","href":"https:\/\/api.w.org\/{rel}","templated":true}]}}