{"id":144,"date":"2024-06-15T12:54:42","date_gmt":"2024-06-15T10:54:42","guid":{"rendered":"https:\/\/muhribiohof.com\/?page_id=144"},"modified":"2026-01-13T14:52:43","modified_gmt":"2026-01-13T13:52:43","slug":"uber-schwab","status":"publish","type":"page","link":"https:\/\/muhribiohof.com\/hu\/uber-schwab\/","title":{"rendered":"A Schwabr\u00f3l"},"content":{"rendered":"<p>[et_pb_section fb_built=&#8220;1&#8243; _builder_version=&#8220;4.27.5&#8243; _module_preset=&#8220;default&#8220; background_image=&#8220;http:\/\/muhribiohof.com\/wp-content\/uploads\/2025\/10\/20251011_172911-scaled.jpg&#8220; custom_margin_tablet=&#8220;&#8220; custom_margin_phone=&#8220;-200px||||false|false&#8220; custom_margin_last_edited=&#8220;on|phone&#8220; background_last_edited=&#8220;on|phone&#8220; background_size_phone=&#8220;contain&#8220; locked=&#8220;off&#8220; global_colors_info=&#8220;{}&#8220;][et_pb_row make_equal=&#8220;on&#8220; _builder_version=&#8220;4.25.2&#8243; _module_preset=&#8220;default&#8220; background_enable_image=&#8220;off&#8220; background_blend=&#8220;difference&#8220; width=&#8220;100%&#8220; max_width=&#8220;100%&#8220; min_height=&#8220;501px&#8220; height=&#8220;498px&#8220; max_height=&#8220;1000px&#8220; custom_margin=&#8220;-55px|auto||auto|false|false&#8220; global_colors_info=&#8220;{}&#8220;][et_pb_column type=&#8220;4_4&#8243; _builder_version=&#8220;4.25.2&#8243; _module_preset=&#8220;default&#8220; global_colors_info=&#8220;{}&#8220;][et_pb_text _builder_version=&#8220;4.27.5&#8243; _module_preset=&#8220;default&#8220; text_text_color=&#8220;#000000&#8243; text_font_size=&#8220;23px&#8220; header_text_color=&#8220;#000000&#8243; header_3_text_color=&#8220;#3d4a3a&#8220; background_color=&#8220;rgba(214,214,214,0.79)&#8220; use_background_color_gradient=&#8220;on&#8220; background_color_gradient_stops=&#8220;rgba(214,214,214,0.39) 0%|rgba(255,255,255,0) 100%&#8220; text_orientation=&#8220;center&#8220; width=&#8220;40%&#8220; width_tablet=&#8220;40%&#8220; width_phone=&#8220;91%&#8220; width_last_edited=&#8220;on|phone&#8220; max_width=&#8220;91%&#8220; module_alignment=&#8220;center&#8220; min_height=&#8220;95px&#8220; custom_margin=&#8220;309px||44px||false|false&#8220; custom_margin_tablet=&#8220;309px||44px||false|false&#8220; custom_margin_phone=&#8220;375px||-30px||false|false&#8220; custom_margin_last_edited=&#8220;on|phone&#8220; custom_padding=&#8220;12px||0px|0px|false|false&#8220; border_radii=&#8220;on|8px|8px|8px|8px&#8220; inline_fonts=&#8220;Playfair Display&#8220; global_colors_info=&#8220;{}&#8220;]<\/p>\n<h3><span style=\"font-family: 'Playfair Display'; font-weight: normal; font-size: xx-large;\"><strong>A Schwabr\u00f3l<\/strong><\/span><\/h3>\n<h4 style=\"text-align: center;\"><\/h4>\n<h3>Ahol a t\u00f6rt\u00e9nelem \u00e9s a j\u00f6v\u0151k\u00e9p tal\u00e1lkozik<\/h3>\n<h4 style=\"text-align: center;\"><\/h4>\n<h3><strong><span style=\"font-family: 'Playfair Display SC';\"><\/span><\/strong><\/h3>\n<p><strong><span style=\"font-family: 'Playfair Display SC';\"><\/span><\/strong><\/p>\n<p>[\/et_pb_text][\/et_pb_column][\/et_pb_row][\/et_pb_section][et_pb_section fb_built=&#8220;1&#8243; _builder_version=&#8220;4.25.2&#8243; _module_preset=&#8220;default&#8220; global_colors_info=&#8220;{}&#8220;][et_pb_row column_structure=&#8220;3_5,2_5&#8243; _builder_version=&#8220;4.27.5&#8243; _module_preset=&#8220;default&#8220; custom_margin_tablet=&#8220;&#8220; custom_margin_phone=&#8220;-149px||||false|false&#8220; custom_margin_last_edited=&#8220;on|phone&#8220; global_colors_info=&#8220;{}&#8220;][et_pb_column type=&#8220;3_5&#8243; _builder_version=&#8220;4.25.2&#8243; _module_preset=&#8220;default&#8220; global_colors_info=&#8220;{}&#8220;][et_pb_text _builder_version=&#8220;4.27.5&#8243; _module_preset=&#8220;default&#8220; text_text_color=&#8220;#808000&#8243; header_font_size=&#8220;36px&#8220; header_2_text_color=&#8220;#808000&#8243; header_2_font_size=&#8220;56px&#8220; custom_margin=&#8220;-30px|||||&#8220; custom_padding=&#8220;105px|||||&#8220; inline_fonts=&#8220;Lora&#8220; global_colors_info=&#8220;{}&#8220;]<\/p>\n<h2 style=\"text-align: center;\"><span style=\"font-family: 'Playfair Display'; font-weight: normal;\">Eredet\u00fcnk<br \/>Alap\u00edtv\u00e1nyunk<\/span><\/h2>\n<p style=\"text-align: center;\"><span style=\"font-family: Lora; font-weight: normal;\">A Muri Hof \u00e9vsz\u00e1zadok \u00f3ta alak\u00edtja az \u00e9let\u00fcnket - \u00e9s mi alak\u00edtottuk a gazdas\u00e1got.<\/span><\/p>\n<p style=\"text-align: center;\"><span style=\"font-family: Lora; font-weight: normal;\">Gener\u00e1ci\u00f3kon \u00e1t \u00f6r\u00f6kl\u0151dik, \u00e9s a munka, a tisztelet \u00e9s a term\u00e9szet szeretete t\u00e1mogatja.<\/span><\/p>\n<p style=\"text-align: center;\"><span style=\"font-family: Lora; font-weight: normal;\">Hagyom\u00e1ny, amely megmarad.<\/span><\/p>\n<p>[\/et_pb_text][\/et_pb_column][et_pb_column type=&#8220;2_5&#8243; _builder_version=&#8220;4.25.2&#8243; _module_preset=&#8220;default&#8220; global_colors_info=&#8220;{}&#8220;][et_pb_image src=&#8220;http:\/\/muhribiohof.com\/wp-content\/uploads\/2025\/09\/20250910_094544.jpg&#8220; _builder_version=&#8220;4.27.5&#8243; _module_preset=&#8220;default&#8220; border_radii=&#8220;on|6px|6px|6px|6px&#8220; global_colors_info=&#8220;{}&#8220;][\/et_pb_image][\/et_pb_column][\/et_pb_row][\/et_pb_section][et_pb_section fb_built=&#8220;1&#8243; _builder_version=&#8220;4.27.5&#8243; _module_preset=&#8220;default&#8220; background_color=&#8220;#f4f4f4&#8243; custom_padding=&#8220;||4px|||&#8220; global_colors_info=&#8220;{}&#8220;][et_pb_row column_structure=&#8220;2_5,3_5&#8243; _builder_version=&#8220;4.27.5&#8243; _module_preset=&#8220;default&#8220; custom_margin=&#8220;-84px|auto||auto||&#8220; custom_padding=&#8220;0px|||||&#8220; global_colors_info=&#8220;{}&#8220;][et_pb_column type=&#8220;2_5&#8243; _builder_version=&#8220;4.27.5&#8243; _module_preset=&#8220;default&#8220; global_colors_info=&#8220;{}&#8220;][et_pb_image src=&#8220;http:\/\/muhribiohof.com\/wp-content\/uploads\/2025\/10\/file_00000000b51c6243bfe4cd2ea7316124-e1767688678518.png&#8220; title_text=&#8220;\u00dcber Schwab&#8220; _builder_version=&#8220;4.27.5&#8243; _module_preset=&#8220;default&#8220; custom_margin=&#8220;66px|||||&#8220; border_radii=&#8220;on|6px|6px|6px|6px&#8220; global_colors_info=&#8220;{}&#8220;][\/et_pb_image][\/et_pb_column][et_pb_column type=&#8220;3_5&#8243; _builder_version=&#8220;4.25.2&#8243; _module_preset=&#8220;default&#8220; global_colors_info=&#8220;{}&#8220;][et_pb_text _builder_version=&#8220;4.27.5&#8243; _module_preset=&#8220;default&#8220; text_text_color=&#8220;#808000&#8243; header_2_text_color=&#8220;#808000&#8243; header_2_font_size=&#8220;56px&#8220; custom_margin=&#8220;96px||||false|false&#8220; custom_margin_tablet=&#8220;137px||||false|false&#8220; custom_margin_phone=&#8220;20px||||false|false&#8220; custom_margin_last_edited=&#8220;on|phone&#8220; inline_fonts=&#8220;Lora&#8220; global_colors_info=&#8220;{}&#8220;]<\/p>\n<h2 style=\"text-align: center;\"><span style=\"font-family: 'Playfair Display'; font-weight: normal;\">V\u00edzi\u00f3nk<\/span><span style=\"font-family: 'Playfair Display'; font-weight: normal;\"><\/span><\/h2>\n<p style=\"text-align: center;\"><span style=\"font-family: Lora; font-weight: normal;\">Az \u00f6r\u00f6ks\u00e9g \u00f6nmag\u00e1ban nem el\u00e9g - a j\u00f6v\u0151nek innov\u00e1ci\u00f3ra van sz\u00fcks\u00e9ge.<\/span><\/p>\n<p style=\"text-align: center;\"><span style=\"font-family: Lora; font-weight: normal;\">Napenergia a tet\u0151nk\u00f6n.<\/span><\/p>\n<p style=\"text-align: center;\"><span style=\"font-family: Lora;\">Fenntarthat\u00f3 erd\u0151gazd\u00e1lkod\u00e1s.<span style=\"font-weight: normal;\"><\/span><\/span><\/p>\n<p style=\"text-align: center;\"><span style=\"font-family: Lora; font-weight: normal;\">Krist\u00e1lytiszta v\u00edz a saj\u00e1t forr\u00e1sunkb\u00f3l.<\/span><\/p>\n<p style=\"text-align: center;\"><span style=\"font-family: Lora;\">Saj\u00e1t \u00f6kol\u00f3giai takarm\u00e1nytermel\u00e9s a sz\u00fcks\u00e9gletalap\u00fa t\u00e1pl\u00e1lkoz\u00e1s \u00e9rdek\u00e9ben.<span style=\"font-weight: normal;\"><\/span><\/span><\/p>\n<p style=\"text-align: center;\"><span style=\"font-family: Lora; font-weight: normal;\">F\u00fcggetlen. Fenntarthat\u00f3. Harm\u00f3ni\u00e1ban az emberekkel \u00e9s a term\u00e9szettel.<\/span><\/p>\n<p>[\/et_pb_text][\/et_pb_column][\/et_pb_row][\/et_pb_section][et_pb_section fb_built=&#8220;1&#8243; module_id=&#8220;family&#8220; _builder_version=&#8220;4.27.5&#8243; _module_preset=&#8220;default&#8220; global_colors_info=&#8220;{}&#8220;][et_pb_row _builder_version=&#8220;4.25.2&#8243; _module_preset=&#8220;default&#8220; custom_padding=&#8220;0px|||||&#8220; global_colors_info=&#8220;{}&#8220;][et_pb_column type=&#8220;4_4&#8243; _builder_version=&#8220;4.25.2&#8243; _module_preset=&#8220;default&#8220; global_colors_info=&#8220;{}&#8220;][et_pb_text module_id=&#8220;family&#8220; _builder_version=&#8220;4.27.5&#8243; _module_preset=&#8220;default&#8220; text_text_color=&#8220;#808000&#8243; header_2_text_color=&#8220;#808000&#8243; header_2_font_size=&#8220;56px&#8220; inline_fonts=&#8220;Lora&#8220; global_colors_info=&#8220;{}&#8220;]<\/p>\n<h2 style=\"text-align: center;\"><span style=\"font-family: 'Playfair Display'; font-weight: normal;\">Kik vagyunk<\/span><\/h2>\n<h4 style=\"text-align: center;\"><\/h4>\n<p><span style=\"font-family: Lora; font-weight: normal;\"><\/span><\/p>\n<p style=\"text-align: center;\"><span style=\"font-family: Lora; font-weight: normal;\">Er\u0151nk az egy\u00fcttm\u0171k\u00f6d\u00e9sben rejlik.<\/span><\/p>\n<p style=\"text-align: center;\"><span style=\"font-family: Lora; font-weight: normal;\">Mez\u0151kkel, erd\u0151kkel \u00e9s \u00e1llatokkal \u00e1tsz\u0151ve.<\/span><\/p>\n<p style=\"text-align: center;\"><span style=\"font-family: Lora; font-weight: normal;\">Egy olyan hely, amely egyes\u00edti a k\u00f6z\u00f6ss\u00e9get, a munk\u00e1t \u00e9s a biztons\u00e1got.<\/span><\/p>\n<p style=\"text-align: center;\"><span style=\"font-family: Lora; font-weight: normal;\">Ahol az \u00e9rt\u00e9keket nem kimondj\u00e1k, hanem meg\u00e9lik. .<\/span><\/p>\n<p style=\"text-align: center;\">[\/et_pb_text][\/et_pb_column][\/et_pb_row][et_pb_row column_structure=&#8220;1_3,1_3,1_3&#8243; _builder_version=&#8220;4.25.2&#8243; _module_preset=&#8220;default&#8220; global_colors_info=&#8220;{}&#8220;][et_pb_column type=&#8220;1_3&#8243; _builder_version=&#8220;4.25.2&#8243; _module_preset=&#8220;default&#8220; global_colors_info=&#8220;{}&#8220;][et_pb_image src=&#8220;http:\/\/muhribiohof.com\/wp-content\/uploads\/2026\/01\/IMG-20251006-WA0087.jpg&#8220; _builder_version=&#8220;4.27.5&#8243; _module_preset=&#8220;default&#8220; global_colors_info=&#8220;{}&#8220;][\/et_pb_image][\/et_pb_column][et_pb_column type=&#8220;1_3&#8243; _builder_version=&#8220;4.25.2&#8243; _module_preset=&#8220;default&#8220; global_colors_info=&#8220;{}&#8220;][et_pb_image src=&#8220;http:\/\/muhribiohof.com\/wp-content\/uploads\/2026\/01\/0890fcb9-5de5-4f9d-a872-1e2f21fc76b0_20260107_054526_0000-1.png&#8220; _builder_version=&#8220;4.27.5&#8243; _module_preset=&#8220;default&#8220; global_colors_info=&#8220;{}&#8220;][\/et_pb_image][\/et_pb_column][et_pb_column type=&#8220;1_3&#8243; _builder_version=&#8220;4.25.2&#8243; _module_preset=&#8220;default&#8220; global_colors_info=&#8220;{}&#8220;][et_pb_image src=&#8220;http:\/\/muhribiohof.com\/wp-content\/uploads\/2025\/10\/IMG_20251006_064623_570.jpg&#8220; _builder_version=&#8220;4.25.2&#8243; _module_preset=&#8220;default&#8220; global_colors_info=&#8220;{}&#8220;][\/et_pb_image][\/et_pb_column][\/et_pb_row][et_pb_row column_structure=&#8220;1_3,1_3,1_3&#8243; _builder_version=&#8220;4.25.2&#8243; _module_preset=&#8220;default&#8220; global_colors_info=&#8220;{}&#8220;][et_pb_column type=&#8220;1_3&#8243; _builder_version=&#8220;4.25.2&#8243; _module_preset=&#8220;default&#8220; global_colors_info=&#8220;{}&#8220;][et_pb_image src=&#8220;http:\/\/muhribiohof.com\/wp-content\/uploads\/2025\/10\/20251011_174916-scaled.jpg&#8220; _builder_version=&#8220;4.25.2&#8243; _module_preset=&#8220;default&#8220; global_colors_info=&#8220;{}&#8220;][\/et_pb_image][\/et_pb_column][et_pb_column type=&#8220;1_3&#8243; _builder_version=&#8220;4.25.2&#8243; _module_preset=&#8220;default&#8220; global_colors_info=&#8220;{}&#8220;][et_pb_image src=&#8220;http:\/\/muhribiohof.com\/wp-content\/uploads\/2025\/10\/IMG-20250916-WA0003.jpg&#8220; _builder_version=&#8220;4.25.2&#8243; _module_preset=&#8220;default&#8220; global_colors_info=&#8220;{}&#8220;][\/et_pb_image][\/et_pb_column][et_pb_column type=&#8220;1_3&#8243; _builder_version=&#8220;4.25.2&#8243; _module_preset=&#8220;default&#8220; global_colors_info=&#8220;{}&#8220;][et_pb_image src=&#8220;http:\/\/muhribiohof.com\/wp-content\/uploads\/2025\/10\/IMG-20250916-WA0004.jpg&#8220; _builder_version=&#8220;4.25.2&#8243; _module_preset=&#8220;default&#8220; global_colors_info=&#8220;{}&#8220;][\/et_pb_image][\/et_pb_column][\/et_pb_row][et_pb_row column_structure=&#8220;1_3,1_3,1_3&#8243; _builder_version=&#8220;4.25.2&#8243; _module_preset=&#8220;default&#8220; global_colors_info=&#8220;{}&#8220;][et_pb_column type=&#8220;1_3&#8243; _builder_version=&#8220;4.25.2&#8243; _module_preset=&#8220;default&#8220; global_colors_info=&#8220;{}&#8220;][et_pb_image src=&#8220;http:\/\/muhribiohof.com\/wp-content\/uploads\/2025\/10\/IMG-20250606-WA0011.jpg&#8220; _builder_version=&#8220;4.25.2&#8243; _module_preset=&#8220;default&#8220; global_colors_info=&#8220;{}&#8220;][\/et_pb_image][\/et_pb_column][et_pb_column type=&#8220;1_3&#8243; _builder_version=&#8220;4.25.2&#8243; _module_preset=&#8220;default&#8220; global_colors_info=&#8220;{}&#8220;][et_pb_image src=&#8220;http:\/\/muhribiohof.com\/wp-content\/uploads\/2025\/10\/IMG-20250715-WA0000.jpg&#8220; _builder_version=&#8220;4.25.2&#8243; _module_preset=&#8220;default&#8220; global_colors_info=&#8220;{}&#8220;][\/et_pb_image][\/et_pb_column][et_pb_column type=&#8220;1_3&#8243; _builder_version=&#8220;4.25.2&#8243; _module_preset=&#8220;default&#8220; global_colors_info=&#8220;{}&#8220;][et_pb_image src=&#8220;http:\/\/muhribiohof.com\/wp-content\/uploads\/2025\/10\/IMG-20240628-WA0004.jpg&#8220; title_text=&#8220;IMG_20251006_064653_589&#8243; _builder_version=&#8220;4.25.2&#8243; _module_preset=&#8220;default&#8220; global_colors_info=&#8220;{}&#8220;][\/et_pb_image][\/et_pb_column][\/et_pb_row][\/et_pb_section][et_pb_section fb_built=&#8220;1&#8243; _builder_version=&#8220;4.25.2&#8243; _module_preset=&#8220;default&#8220; custom_padding=&#8220;0px|||||&#8220; global_colors_info=&#8220;{}&#8220;][et_pb_row _builder_version=&#8220;4.25.2&#8243; _module_preset=&#8220;default&#8220; global_colors_info=&#8220;{}&#8220;][et_pb_column type=&#8220;4_4&#8243; _builder_version=&#8220;4.25.2&#8243; _module_preset=&#8220;default&#8220; global_colors_info=&#8220;{}&#8220;][et_pb_text _builder_version=&#8220;4.27.5&#8243; _module_preset=&#8220;default&#8220; text_text_color=&#8220;#808000&#8243; header_2_text_color=&#8220;#808000&#8243; header_2_font_size=&#8220;56px&#8220; hover_enabled=&#8220;0&#8243; header_2_font_size_tablet=&#8220;56px&#8220; header_2_font_size_phone=&#8220;50px&#8220; header_2_font_size_last_edited=&#8220;on|phone&#8220; inline_fonts=&#8220;Lora&#8220; global_colors_info=&#8220;{}&#8220; sticky_enabled=&#8220;0&#8243;]<\/p>\n<h2 style=\"text-align: center;\"><span style=\"font-family: 'Playfair Display'; font-weight: normal;\">Egy hely karizm\u00e1val<\/span><\/h2>\n<h4 style=\"text-align: center;\"><\/h4>\n<p><span style=\"font-family: Lora; font-weight: normal;\"><\/span><\/p>\n<p style=\"text-align: center;\"><span style=\"font-family: Lora; font-weight: normal;\">Mened\u00e9k a hegyek \u00e9s erd\u0151k k\u00f6z\u00f6tt.<\/span><span style=\"font-family: Lora; font-weight: normal;\"><\/span><\/p>\n<p style=\"text-align: center;\"><span style=\"font-family: Lora; font-weight: normal;\">Egy pisztr\u00e1ngokkal teli t\u00f3, k\u00f6r\u00fclv\u00e9ve a term\u00e9szettel.<\/span><\/p>\n<p style=\"text-align: center;\"><span style=\"font-family: Lora; font-weight: normal;\">Egy udvar, amely nyugalmat k\u00edn\u00e1l - \u00e9s ugyanakkor er\u0151t fejleszt.<\/span><\/p>\n<p style=\"text-align: center;\"><span style=\"font-family: Lora; font-weight: normal;\">Itt a munka, a t\u00e1j \u00e9s az \u00e9let\u00f6r\u00f6m egy eg\u00e9ssz\u00e9 olvad \u00f6ssze.<\/span><\/p>\n<p style=\"text-align: center;\">[\/et_pb_text][\/et_pb_column][\/et_pb_row][\/et_pb_section][et_pb_section fb_built=&#8220;1&#8243; _builder_version=&#8220;4.25.2&#8243; _module_preset=&#8220;default&#8220; custom_padding=&#8220;0px|||||&#8220; global_colors_info=&#8220;{}&#8220;][et_pb_row _builder_version=&#8220;4.25.2&#8243; _module_preset=&#8220;default&#8220; global_colors_info=&#8220;{}&#8220;][et_pb_column type=&#8220;4_4&#8243; _builder_version=&#8220;4.25.2&#8243; _module_preset=&#8220;default&#8220; global_colors_info=&#8220;{}&#8220;][et_pb_text _builder_version=&#8220;4.27.5&#8243; _module_preset=&#8220;default&#8220; text_text_color=&#8220;#808000&#8243; header_2_text_color=&#8220;#808000&#8243; header_2_font_size=&#8220;56px&#8220; inline_fonts=&#8220;Lora&#8220; global_colors_info=&#8220;{}&#8220;]<\/p>\n<h2 style=\"text-align: center;\"><span style=\"font-family: 'Playfair Display'; font-weight: normal;\">Egy farm. Egy n\u00e9v. Egy j\u00f6v\u0151.<\/span><\/h2>\n<h4 style=\"text-align: center;\"><\/h4>\n<p><span style=\"font-family: Lora; font-weight: normal;\"><\/span><\/p>\n<p style=\"text-align: center;\"><span style=\"font-family: Lora; font-weight: normal;\">Az eredet magatart\u00e1ss\u00e1 v\u00e1lik.<\/span><\/p>\n<p style=\"text-align: center;\">A hagyom\u00e1ny v\u00edzi\u00f3v\u00e1 v\u00e1lik.<span style=\"font-family: Lora; font-weight: normal;\"><\/span><\/p>\n<p style=\"text-align: center;\">\n<p>[\/et_pb_text][\/et_pb_column][\/et_pb_row][\/et_pb_section]<\/p>","protected":false},"excerpt":{"rendered":"<p>\u00dcber Schwab Wo Geschichte auf Weitblick trifft Unsere HerkunftUnser Fundament Seit Jahrhunderten pr\u00e4gt der Muri Hof unser Leben &#8211; und wir pr\u00e4gen den Hof. \u00dcber Generationen hinweg weitergegeben, getragen von Arbeit, Respekt und der Liebe zur Natur. Tradition, die Bestand hat.Unsere Vision Erbe allein gen\u00fcgt nicht &#8211; Zukunft braucht Innovation. Sonnenenergie auf unseren D\u00e4chern. Nachhaltige Forstwirtschaft. Kristallklares Wasser aus eigener Quelle. Eigene biologische Futterproduktion f\u00fcr bedarfsgerechte Ern\u00e4hrung. Unabh\u00e4ngig. Nachhaltig. Im Einklang mit Mensch und Natur.Wer wir sind Unsere St\u00e4rke liegt im Miteinander. Verwoben mit Feldern, W\u00e4ldern und Tieren. Ein Ort, der Gemeinschaft, Arbeit und Geborgenheit vereint. Wo Werte nicht gesprochen, sondern gelebt werden . Ein Ort mit Ausstrahlung Ein Refugium zwischen H\u00fcgeln und W\u00e4ldern. Ein See voller Forellen, umrahmt von Natur. Ein Hof, der Stille schenkt &#8211; und zugleich Kraft entfaltet. Hier verschmelzen Arbeit, Landschaft und Lebensfreude zu einem Ganzen. Ein Hof. Eine Name. Eine Zukunft. Ein Aus Herkunft wird Haltung. Aus Tradition wird Vision.<\/p>","protected":false},"author":1,"featured_media":0,"parent":0,"menu_order":0,"comment_status":"closed","ping_status":"closed","template":"","meta":{"_et_pb_use_builder":"on","_et_pb_old_content":"","_et_gb_content_width":"","footnotes":""},"class_list":["post-144","page","type-page","status-publish","hentry"],"_links":{"self":[{"href":"https:\/\/muhribiohof.com\/hu\/wp-json\/wp\/v2\/pages\/144","targetHints":{"allow":["GET"]}}],"collection":[{"href":"https:\/\/muhribiohof.com\/hu\/wp-json\/wp\/v2\/pages"}],"about":[{"href":"https:\/\/muhribiohof.com\/hu\/wp-json\/wp\/v2\/types\/page"}],"author":[{"embeddable":true,"href":"https:\/\/muhribiohof.com\/hu\/wp-json\/wp\/v2\/users\/1"}],"replies":[{"embeddable":true,"href":"https:\/\/muhribiohof.com\/hu\/wp-json\/wp\/v2\/comments?post=144"}],"version-history":[{"count":113,"href":"https:\/\/muhribiohof.com\/hu\/wp-json\/wp\/v2\/pages\/144\/revisions"}],"predecessor-version":[{"id":3645,"href":"https:\/\/muhribiohof.com\/hu\/wp-json\/wp\/v2\/pages\/144\/revisions\/3645"}],"wp:attachment":[{"href":"https:\/\/muhribiohof.com\/hu\/wp-json\/wp\/v2\/media?parent=144"}],"curies":[{"name":"wp","href":"https:\/\/api.w.org\/{rel}","templated":true}]}}